{"id":5359,"date":"2022-06-06T15:01:46","date_gmt":"2022-06-06T13:01:46","guid":{"rendered":"https:\/\/non-stopshop.eu\/cz\/?post_type=product&#038;p=5359"},"modified":"2022-06-09T15:09:54","modified_gmt":"2022-06-09T13:09:54","slug":"5-kusu-sada-rybarskych-navnad-ultralure","status":"publish","type":"product","link":"https:\/\/non-stopshop.eu\/cz\/produkt\/5-kusu-sada-rybarskych-navnad-ultralure\/","title":{"rendered":"5 kus\u016f &#8211; Sada ryb\u00e1\u0159sk\u00fdch n\u00e1vnad-UltraLure"},"content":{"rendered":"","protected":false},"excerpt":{"rendered":"<p>Design n\u00e1vnady je navr\u017een tak, aby m\u011bl realistick\u00fd vzhled a plaveck\u00fd v\u00fdkon, jako zran\u011bn\u00e1 ryba. Drav\u00e9 ryby v\u0161ech velikost\u00ed na n\u011b rychle za\u00fato\u010d\u00ed! Ide\u00e1ln\u00ed n\u00e1vnada pro rybolov v mo\u0159i i ve sladk\u00e9 vod\u011b!<\/p>\n","protected":false},"featured_media":5363,"comment_status":"closed","ping_status":"closed","template":"","meta":{"inline_featured_image":false},"product_brand":[],"product_cat":[15,25,36,35],"product_tag":[],"class_list":{"0":"post-5359","1":"product","2":"type-product","3":"status-publish","4":"has-post-thumbnail","6":"product_cat-uncategorized","7":"product_cat-car","8":"product_cat-seasonal-discounts","9":"product_cat-fun","11":"first","12":"instock","13":"sale","14":"taxable","15":"shipping-taxable","16":"purchasable","17":"product-type-simple"},"acf":[],"_links":{"self":[{"href":"https:\/\/non-stopshop.eu\/cz\/wp-json\/wp\/v2\/product\/5359","targetHints":{"allow":["GET"]}}],"collection":[{"href":"https:\/\/non-stopshop.eu\/cz\/wp-json\/wp\/v2\/product"}],"about":[{"href":"https:\/\/non-stopshop.eu\/cz\/wp-json\/wp\/v2\/types\/product"}],"replies":[{"embeddable":true,"href":"https:\/\/non-stopshop.eu\/cz\/wp-json\/wp\/v2\/comments?post=5359"}],"wp:featuredmedia":[{"embeddable":true,"href":"https:\/\/non-stopshop.eu\/cz\/wp-json\/wp\/v2\/media\/5363"}],"wp:attachment":[{"href":"https:\/\/non-stopshop.eu\/cz\/wp-json\/wp\/v2\/media?parent=5359"}],"wp:term":[{"taxonomy":"product_brand","embeddable":true,"href":"https:\/\/non-stopshop.eu\/cz\/wp-json\/wp\/v2\/product_brand?post=5359"},{"taxonomy":"product_cat","embeddable":true,"href":"https:\/\/non-stopshop.eu\/cz\/wp-json\/wp\/v2\/product_cat?post=5359"},{"taxonomy":"product_tag","embeddable":true,"href":"https:\/\/non-stopshop.eu\/cz\/wp-json\/wp\/v2\/product_tag?post=5359"}],"curies":[{"name":"wp","href":"https:\/\/api.w.org\/{rel}","templated":true}]}}