{"id":5421,"date":"2022-06-07T16:25:30","date_gmt":"2022-06-07T14:25:30","guid":{"rendered":"https:\/\/non-stopshop.eu\/cz\/?post_type=product&#038;p=5421"},"modified":"2022-06-07T17:23:47","modified_gmt":"2022-06-07T15:23:47","slug":"rolovaci-slunecni-clona-do-auta-a-okna","status":"publish","type":"product","link":"https:\/\/non-stopshop.eu\/cz\/produkt\/rolovaci-slunecni-clona-do-auta-a-okna\/","title":{"rendered":"Rolovac\u00ed slune\u010dn\u00ed clona do auta a okna"},"content":{"rendered":"","protected":false},"excerpt":{"rendered":"<p>Sni\u017ete UV z\u00e1\u0159en\u00ed a slune\u010dn\u00ed z\u00e1\u0159en\u00ed ve va\u0161em aut\u011b a zp\u0159\u00edjemn\u011bte si j\u00edzdu. Pou\u017eijte tuto ochranu pro v\u0161echny m\u00edstnosti, kde je pot\u0159eba!<\/p>\n","protected":false},"featured_media":5428,"comment_status":"open","ping_status":"closed","template":"","meta":{"inline_featured_image":false},"product_brand":[],"product_cat":[15],"product_tag":[],"class_list":{"0":"post-5421","1":"product","2":"type-product","3":"status-publish","4":"has-post-thumbnail","6":"product_cat-uncategorized","8":"first","9":"instock","10":"sale","11":"taxable","12":"shipping-taxable","13":"purchasable","14":"product-type-simple"},"acf":[],"_links":{"self":[{"href":"https:\/\/non-stopshop.eu\/cz\/wp-json\/wp\/v2\/product\/5421","targetHints":{"allow":["GET"]}}],"collection":[{"href":"https:\/\/non-stopshop.eu\/cz\/wp-json\/wp\/v2\/product"}],"about":[{"href":"https:\/\/non-stopshop.eu\/cz\/wp-json\/wp\/v2\/types\/product"}],"replies":[{"embeddable":true,"href":"https:\/\/non-stopshop.eu\/cz\/wp-json\/wp\/v2\/comments?post=5421"}],"wp:featuredmedia":[{"embeddable":true,"href":"https:\/\/non-stopshop.eu\/cz\/wp-json\/wp\/v2\/media\/5428"}],"wp:attachment":[{"href":"https:\/\/non-stopshop.eu\/cz\/wp-json\/wp\/v2\/media?parent=5421"}],"wp:term":[{"taxonomy":"product_brand","embeddable":true,"href":"https:\/\/non-stopshop.eu\/cz\/wp-json\/wp\/v2\/product_brand?post=5421"},{"taxonomy":"product_cat","embeddable":true,"href":"https:\/\/non-stopshop.eu\/cz\/wp-json\/wp\/v2\/product_cat?post=5421"},{"taxonomy":"product_tag","embeddable":true,"href":"https:\/\/non-stopshop.eu\/cz\/wp-json\/wp\/v2\/product_tag?post=5421"}],"curies":[{"name":"wp","href":"https:\/\/api.w.org\/{rel}","templated":true}]}}