{"id":5473,"date":"2022-06-08T10:36:51","date_gmt":"2022-06-08T08:36:51","guid":{"rendered":"https:\/\/non-stopshop.eu\/cz\/?post_type=product&#038;p=5473"},"modified":"2022-06-09T15:13:22","modified_gmt":"2022-06-09T13:13:22","slug":"hra-prirazovani-tvaru","status":"publish","type":"product","link":"https:\/\/non-stopshop.eu\/cz\/produkt\/hra-prirazovani-tvaru\/","title":{"rendered":"Hra p\u0159i\u0159azov\u00e1n\u00ed tvar\u016f"},"content":{"rendered":"","protected":false},"excerpt":{"rendered":"<p>Tato smyslov\u011b vzd\u011bl\u00e1vac\u00ed hra s\u00a0p\u0159i\u0159azov\u00e1n\u00edm a hled\u00e1n\u00edm spr\u00e1vn\u00fdch tvar\u016f je ide\u00e1ln\u00ed kombinac\u00ed u\u010den\u00ed a z\u00e1bavy. Dop\u0159ejte sv\u00fdm d\u011btem dokonalou z\u00e1bavu!<\/p>\n","protected":false},"featured_media":5477,"comment_status":"open","ping_status":"closed","template":"","meta":{"inline_featured_image":false},"product_brand":[],"product_cat":[15],"product_tag":[],"class_list":{"0":"post-5473","1":"product","2":"type-product","3":"status-publish","4":"has-post-thumbnail","6":"product_cat-uncategorized","8":"first","9":"instock","10":"sale","11":"taxable","12":"shipping-taxable","13":"purchasable","14":"product-type-simple"},"acf":[],"_links":{"self":[{"href":"https:\/\/non-stopshop.eu\/cz\/wp-json\/wp\/v2\/product\/5473","targetHints":{"allow":["GET"]}}],"collection":[{"href":"https:\/\/non-stopshop.eu\/cz\/wp-json\/wp\/v2\/product"}],"about":[{"href":"https:\/\/non-stopshop.eu\/cz\/wp-json\/wp\/v2\/types\/product"}],"replies":[{"embeddable":true,"href":"https:\/\/non-stopshop.eu\/cz\/wp-json\/wp\/v2\/comments?post=5473"}],"wp:featuredmedia":[{"embeddable":true,"href":"https:\/\/non-stopshop.eu\/cz\/wp-json\/wp\/v2\/media\/5477"}],"wp:attachment":[{"href":"https:\/\/non-stopshop.eu\/cz\/wp-json\/wp\/v2\/media?parent=5473"}],"wp:term":[{"taxonomy":"product_brand","embeddable":true,"href":"https:\/\/non-stopshop.eu\/cz\/wp-json\/wp\/v2\/product_brand?post=5473"},{"taxonomy":"product_cat","embeddable":true,"href":"https:\/\/non-stopshop.eu\/cz\/wp-json\/wp\/v2\/product_cat?post=5473"},{"taxonomy":"product_tag","embeddable":true,"href":"https:\/\/non-stopshop.eu\/cz\/wp-json\/wp\/v2\/product_tag?post=5473"}],"curies":[{"name":"wp","href":"https:\/\/api.w.org\/{rel}","templated":true}]}}