{"id":5650,"date":"2022-06-14T12:49:21","date_gmt":"2022-06-14T10:49:21","guid":{"rendered":"https:\/\/non-stopshop.eu\/cz\/?post_type=product&#038;p=5650"},"modified":"2023-01-10T12:01:31","modified_gmt":"2023-01-10T11:01:31","slug":"letni-pushup-podprsenka-bez-raminek-2","status":"publish","type":"product","link":"https:\/\/non-stopshop.eu\/cz\/produkt\/letni-pushup-podprsenka-bez-raminek-2\/","title":{"rendered":"Letn\u00ed PushUp podprsenka bez ram\u00ednek"},"content":{"rendered":"","protected":false},"excerpt":{"rendered":"<p>Zvedn\u011bte sv\u00e1 \u0148adra pro velkolep\u00fd vzhled s hlub\u0161\u00edm v\u00fdst\u0159ihem p\u0159i jak\u00e9koli p\u0159\u00edle\u017eitosti a kombinaci. Tato PushUp podprsenka bez ram\u00ednek z\u016fstane skryt\u00e1 pod jak\u00fdmkoli oble\u010den\u00edm.<\/p>\n<ul>\n<li>A-B \u2013 vhodn\u00e9 pro ko\u0161 A\/B,<\/li>\n<li>C-D \u2013 vhodn\u00e9 pro ko\u0161 C\/D,<\/li>\n<li>E-F \u2013 vhodn\u00e9 pro ko\u0161 E\/F&#8220;<\/li>\n<\/ul>\n","protected":false},"featured_media":5652,"comment_status":"closed","ping_status":"closed","template":"","meta":{"inline_featured_image":false},"product_brand":[],"product_cat":[15,28,26],"product_tag":[],"class_list":{"0":"post-5650","1":"product","2":"type-product","3":"status-publish","4":"has-post-thumbnail","6":"product_cat-uncategorized","7":"product_cat-beauty","8":"product_cat-health","10":"first","11":"instock","12":"sale","13":"taxable","14":"shipping-taxable","15":"purchasable","16":"product-type-variable"},"acf":[],"_links":{"self":[{"href":"https:\/\/non-stopshop.eu\/cz\/wp-json\/wp\/v2\/product\/5650","targetHints":{"allow":["GET"]}}],"collection":[{"href":"https:\/\/non-stopshop.eu\/cz\/wp-json\/wp\/v2\/product"}],"about":[{"href":"https:\/\/non-stopshop.eu\/cz\/wp-json\/wp\/v2\/types\/product"}],"replies":[{"embeddable":true,"href":"https:\/\/non-stopshop.eu\/cz\/wp-json\/wp\/v2\/comments?post=5650"}],"wp:featuredmedia":[{"embeddable":true,"href":"https:\/\/non-stopshop.eu\/cz\/wp-json\/wp\/v2\/media\/5652"}],"wp:attachment":[{"href":"https:\/\/non-stopshop.eu\/cz\/wp-json\/wp\/v2\/media?parent=5650"}],"wp:term":[{"taxonomy":"product_brand","embeddable":true,"href":"https:\/\/non-stopshop.eu\/cz\/wp-json\/wp\/v2\/product_brand?post=5650"},{"taxonomy":"product_cat","embeddable":true,"href":"https:\/\/non-stopshop.eu\/cz\/wp-json\/wp\/v2\/product_cat?post=5650"},{"taxonomy":"product_tag","embeddable":true,"href":"https:\/\/non-stopshop.eu\/cz\/wp-json\/wp\/v2\/product_tag?post=5650"}],"curies":[{"name":"wp","href":"https:\/\/api.w.org\/{rel}","templated":true}]}}