{"id":5902,"date":"2022-06-22T10:54:02","date_gmt":"2022-06-22T08:54:02","guid":{"rendered":"https:\/\/non-stopshop.eu\/cz\/?post_type=product&#038;p=5902"},"modified":"2023-04-13T12:37:40","modified_gmt":"2023-04-13T10:37:40","slug":"hra-prizpusobeni-tvaru","status":"publish","type":"product","link":"https:\/\/non-stopshop.eu\/cz\/produkt\/hra-prizpusobeni-tvaru\/","title":{"rendered":"Hra p\u0159izp\u016fsoben\u00ed tvar\u016f"},"content":{"rendered":"","protected":false},"excerpt":{"rendered":"<p>Tato smyslov\u011b edukativn\u00ed hra p\u0159izp\u016fsoben\u00ed a vyhled\u00e1v\u00e1n\u00ed tvar\u016f je dokonalou kombinac\u00ed u\u010den\u00ed a z\u00e1bavy. Umo\u017en\u011bte sv\u00fdm d\u011btem ide\u00e1ln\u00ed z\u00e1bavu!<\/p>\n","protected":false},"featured_media":5906,"comment_status":"closed","ping_status":"closed","template":"","meta":{"inline_featured_image":false},"product_brand":[],"product_cat":[15,25,36,35],"product_tag":[],"class_list":{"0":"post-5902","1":"product","2":"type-product","3":"status-publish","4":"has-post-thumbnail","6":"product_cat-uncategorized","7":"product_cat-car","8":"product_cat-seasonal-discounts","9":"product_cat-fun","11":"first","12":"instock","13":"sale","14":"taxable","15":"shipping-taxable","16":"purchasable","17":"product-type-simple"},"acf":[],"_links":{"self":[{"href":"https:\/\/non-stopshop.eu\/cz\/wp-json\/wp\/v2\/product\/5902","targetHints":{"allow":["GET"]}}],"collection":[{"href":"https:\/\/non-stopshop.eu\/cz\/wp-json\/wp\/v2\/product"}],"about":[{"href":"https:\/\/non-stopshop.eu\/cz\/wp-json\/wp\/v2\/types\/product"}],"replies":[{"embeddable":true,"href":"https:\/\/non-stopshop.eu\/cz\/wp-json\/wp\/v2\/comments?post=5902"}],"wp:featuredmedia":[{"embeddable":true,"href":"https:\/\/non-stopshop.eu\/cz\/wp-json\/wp\/v2\/media\/5906"}],"wp:attachment":[{"href":"https:\/\/non-stopshop.eu\/cz\/wp-json\/wp\/v2\/media?parent=5902"}],"wp:term":[{"taxonomy":"product_brand","embeddable":true,"href":"https:\/\/non-stopshop.eu\/cz\/wp-json\/wp\/v2\/product_brand?post=5902"},{"taxonomy":"product_cat","embeddable":true,"href":"https:\/\/non-stopshop.eu\/cz\/wp-json\/wp\/v2\/product_cat?post=5902"},{"taxonomy":"product_tag","embeddable":true,"href":"https:\/\/non-stopshop.eu\/cz\/wp-json\/wp\/v2\/product_tag?post=5902"}],"curies":[{"name":"wp","href":"https:\/\/api.w.org\/{rel}","templated":true}]}}