{"id":6167,"date":"2022-07-01T14:59:33","date_gmt":"2022-07-01T12:59:33","guid":{"rendered":"https:\/\/non-stopshop.eu\/cz\/?post_type=product&#038;p=6167"},"modified":"2023-01-10T12:00:49","modified_gmt":"2023-01-10T11:00:49","slug":"gel-na-cisteni-a-beleni-obuvi-2","status":"publish","type":"product","link":"https:\/\/non-stopshop.eu\/cz\/produkt\/gel-na-cisteni-a-beleni-obuvi-2\/","title":{"rendered":"Gel na \u010di\u0161t\u011bn\u00ed a b\u011blen\u00ed obuvi"},"content":{"rendered":"","protected":false},"excerpt":{"rendered":"<p>Odstra\u0148te \u0161p\u00ednu a \u017elut\u00e9 skvrny z st\u00e1n\u00ed s t\u00edmto fenomen\u00e1ln\u00edm b\u011bl\u00edc\u00edm a \u010distic\u00edm gelem!<\/p>\n","protected":false},"featured_media":6171,"comment_status":"closed","ping_status":"closed","template":"","meta":{"inline_featured_image":false},"product_brand":[],"product_cat":[15,27,28,36],"product_tag":[],"class_list":{"0":"post-6167","1":"product","2":"type-product","3":"status-publish","4":"has-post-thumbnail","6":"product_cat-uncategorized","7":"product_cat-home","8":"product_cat-beauty","9":"product_cat-seasonal-discounts","11":"first","12":"instock","13":"sale","14":"taxable","15":"shipping-taxable","16":"purchasable","17":"product-type-simple"},"acf":[],"_links":{"self":[{"href":"https:\/\/non-stopshop.eu\/cz\/wp-json\/wp\/v2\/product\/6167","targetHints":{"allow":["GET"]}}],"collection":[{"href":"https:\/\/non-stopshop.eu\/cz\/wp-json\/wp\/v2\/product"}],"about":[{"href":"https:\/\/non-stopshop.eu\/cz\/wp-json\/wp\/v2\/types\/product"}],"replies":[{"embeddable":true,"href":"https:\/\/non-stopshop.eu\/cz\/wp-json\/wp\/v2\/comments?post=6167"}],"wp:featuredmedia":[{"embeddable":true,"href":"https:\/\/non-stopshop.eu\/cz\/wp-json\/wp\/v2\/media\/6171"}],"wp:attachment":[{"href":"https:\/\/non-stopshop.eu\/cz\/wp-json\/wp\/v2\/media?parent=6167"}],"wp:term":[{"taxonomy":"product_brand","embeddable":true,"href":"https:\/\/non-stopshop.eu\/cz\/wp-json\/wp\/v2\/product_brand?post=6167"},{"taxonomy":"product_cat","embeddable":true,"href":"https:\/\/non-stopshop.eu\/cz\/wp-json\/wp\/v2\/product_cat?post=6167"},{"taxonomy":"product_tag","embeddable":true,"href":"https:\/\/non-stopshop.eu\/cz\/wp-json\/wp\/v2\/product_tag?post=6167"}],"curies":[{"name":"wp","href":"https:\/\/api.w.org\/{rel}","templated":true}]}}