{"id":6738,"date":"2022-07-29T16:15:06","date_gmt":"2022-07-29T14:15:06","guid":{"rendered":"https:\/\/non-stopshop.eu\/cz\/?post_type=product&#038;p=6738"},"modified":"2022-08-03T08:06:37","modified_gmt":"2022-08-03T06:06:37","slug":"hodiny-s-autem-na-dalkove-ovladani","status":"publish","type":"product","link":"https:\/\/non-stopshop.eu\/cz\/produkt\/hodiny-s-autem-na-dalkove-ovladani\/","title":{"rendered":"Hodiny s autem na d\u00e1lkov\u00e9 ovl\u00e1d\u00e1n\u00ed"},"content":{"rendered":"","protected":false},"excerpt":{"rendered":"<p>Fenomen\u00e1ln\u00ed a praktick\u00e1 hra\u010dka, kter\u00e1 rozesm\u011bje a zabav\u00ed ka\u017ed\u00e9 d\u00edt\u011b ve v\u0161ech situac\u00edch.<\/p>\n<p>&nbsp;<\/p>\n<p>&nbsp;<\/p>\n","protected":false},"featured_media":6739,"comment_status":"open","ping_status":"closed","template":"","meta":{"inline_featured_image":false},"product_brand":[],"product_cat":[15],"product_tag":[],"class_list":{"0":"post-6738","1":"product","2":"type-product","3":"status-publish","4":"has-post-thumbnail","6":"product_cat-uncategorized","8":"first","9":"instock","10":"sale","11":"taxable","12":"shipping-taxable","13":"purchasable","14":"product-type-simple"},"acf":[],"_links":{"self":[{"href":"https:\/\/non-stopshop.eu\/cz\/wp-json\/wp\/v2\/product\/6738","targetHints":{"allow":["GET"]}}],"collection":[{"href":"https:\/\/non-stopshop.eu\/cz\/wp-json\/wp\/v2\/product"}],"about":[{"href":"https:\/\/non-stopshop.eu\/cz\/wp-json\/wp\/v2\/types\/product"}],"replies":[{"embeddable":true,"href":"https:\/\/non-stopshop.eu\/cz\/wp-json\/wp\/v2\/comments?post=6738"}],"wp:featuredmedia":[{"embeddable":true,"href":"https:\/\/non-stopshop.eu\/cz\/wp-json\/wp\/v2\/media\/6739"}],"wp:attachment":[{"href":"https:\/\/non-stopshop.eu\/cz\/wp-json\/wp\/v2\/media?parent=6738"}],"wp:term":[{"taxonomy":"product_brand","embeddable":true,"href":"https:\/\/non-stopshop.eu\/cz\/wp-json\/wp\/v2\/product_brand?post=6738"},{"taxonomy":"product_cat","embeddable":true,"href":"https:\/\/non-stopshop.eu\/cz\/wp-json\/wp\/v2\/product_cat?post=6738"},{"taxonomy":"product_tag","embeddable":true,"href":"https:\/\/non-stopshop.eu\/cz\/wp-json\/wp\/v2\/product_tag?post=6738"}],"curies":[{"name":"wp","href":"https:\/\/api.w.org\/{rel}","templated":true}]}}