{"id":6746,"date":"2022-07-29T18:23:42","date_gmt":"2022-07-29T16:23:42","guid":{"rendered":"https:\/\/non-stopshop.eu\/cz\/?post_type=product&#038;p=6746"},"modified":"2022-08-03T07:59:58","modified_gmt":"2022-08-03T05:59:58","slug":"kotouc-na-rezani-skla","status":"publish","type":"product","link":"https:\/\/non-stopshop.eu\/cz\/produkt\/kotouc-na-rezani-skla\/","title":{"rendered":"Kotou\u010d na \u0159ez\u00e1n\u00ed skla"},"content":{"rendered":"","protected":false},"excerpt":{"rendered":"<p>Jednoduch\u00fd, rychl\u00fd a p\u0159esn\u00fd diamantov\u00fd \u0159ezn\u00fd kotou\u010d pro hladk\u00e9 \u0159ez\u00e1n\u00ed hran skla, keramiky, k\u0159i\u0161t\u00b4\u00e1lu, dla\u017edic&#8230;<\/p>\n<p>&nbsp;<\/p>\n<p>&nbsp;<\/p>\n","protected":false},"featured_media":6748,"comment_status":"open","ping_status":"closed","template":"","meta":{"inline_featured_image":false},"product_brand":[],"product_cat":[15],"product_tag":[],"class_list":{"0":"post-6746","1":"product","2":"type-product","3":"status-publish","4":"has-post-thumbnail","6":"product_cat-uncategorized","8":"first","9":"instock","10":"sale","11":"taxable","12":"shipping-taxable","13":"purchasable","14":"product-type-simple"},"acf":[],"_links":{"self":[{"href":"https:\/\/non-stopshop.eu\/cz\/wp-json\/wp\/v2\/product\/6746","targetHints":{"allow":["GET"]}}],"collection":[{"href":"https:\/\/non-stopshop.eu\/cz\/wp-json\/wp\/v2\/product"}],"about":[{"href":"https:\/\/non-stopshop.eu\/cz\/wp-json\/wp\/v2\/types\/product"}],"replies":[{"embeddable":true,"href":"https:\/\/non-stopshop.eu\/cz\/wp-json\/wp\/v2\/comments?post=6746"}],"wp:featuredmedia":[{"embeddable":true,"href":"https:\/\/non-stopshop.eu\/cz\/wp-json\/wp\/v2\/media\/6748"}],"wp:attachment":[{"href":"https:\/\/non-stopshop.eu\/cz\/wp-json\/wp\/v2\/media?parent=6746"}],"wp:term":[{"taxonomy":"product_brand","embeddable":true,"href":"https:\/\/non-stopshop.eu\/cz\/wp-json\/wp\/v2\/product_brand?post=6746"},{"taxonomy":"product_cat","embeddable":true,"href":"https:\/\/non-stopshop.eu\/cz\/wp-json\/wp\/v2\/product_cat?post=6746"},{"taxonomy":"product_tag","embeddable":true,"href":"https:\/\/non-stopshop.eu\/cz\/wp-json\/wp\/v2\/product_tag?post=6746"}],"curies":[{"name":"wp","href":"https:\/\/api.w.org\/{rel}","templated":true}]}}