{"id":7531,"date":"2022-08-29T11:30:17","date_gmt":"2022-08-29T09:30:17","guid":{"rendered":"https:\/\/non-stopshop.eu\/cz\/?post_type=product&#038;p=7531"},"modified":"2022-08-29T17:14:03","modified_gmt":"2022-08-29T15:14:03","slug":"zabavny-samolepici-terc","status":"publish","type":"product","link":"https:\/\/non-stopshop.eu\/cz\/produkt\/zabavny-samolepici-terc\/","title":{"rendered":"Z\u00e1bavn\u00fd samolepic\u00ed ter\u010d"},"content":{"rendered":"","protected":false},"excerpt":{"rendered":"<p>Zaj\u00edmav\u00e1 hra v podob\u011b zv\u00ed\u0159\u00e1tek, skute\u010dn\u00e1 n\u00e1hrada klasick\u00fdch \u0161ipek, kde jsou \u0161\u00edpy nahrazeny samolepic\u00edmi kuli\u010dkami, se kter\u00fdmi se st\u0159elba na ter\u010d st\u00e1v\u00e1 bezpe\u010dnou.<\/p>\n<p>&nbsp;<\/p>\n<p>&nbsp;<\/p>\n","protected":false},"featured_media":7537,"comment_status":"open","ping_status":"closed","template":"","meta":{"inline_featured_image":false},"product_brand":[],"product_cat":[15],"product_tag":[],"class_list":{"0":"post-7531","1":"product","2":"type-product","3":"status-publish","4":"has-post-thumbnail","6":"product_cat-uncategorized","8":"first","9":"instock","10":"sale","11":"taxable","12":"shipping-taxable","13":"purchasable","14":"product-type-simple"},"acf":[],"_links":{"self":[{"href":"https:\/\/non-stopshop.eu\/cz\/wp-json\/wp\/v2\/product\/7531","targetHints":{"allow":["GET"]}}],"collection":[{"href":"https:\/\/non-stopshop.eu\/cz\/wp-json\/wp\/v2\/product"}],"about":[{"href":"https:\/\/non-stopshop.eu\/cz\/wp-json\/wp\/v2\/types\/product"}],"replies":[{"embeddable":true,"href":"https:\/\/non-stopshop.eu\/cz\/wp-json\/wp\/v2\/comments?post=7531"}],"wp:featuredmedia":[{"embeddable":true,"href":"https:\/\/non-stopshop.eu\/cz\/wp-json\/wp\/v2\/media\/7537"}],"wp:attachment":[{"href":"https:\/\/non-stopshop.eu\/cz\/wp-json\/wp\/v2\/media?parent=7531"}],"wp:term":[{"taxonomy":"product_brand","embeddable":true,"href":"https:\/\/non-stopshop.eu\/cz\/wp-json\/wp\/v2\/product_brand?post=7531"},{"taxonomy":"product_cat","embeddable":true,"href":"https:\/\/non-stopshop.eu\/cz\/wp-json\/wp\/v2\/product_cat?post=7531"},{"taxonomy":"product_tag","embeddable":true,"href":"https:\/\/non-stopshop.eu\/cz\/wp-json\/wp\/v2\/product_tag?post=7531"}],"curies":[{"name":"wp","href":"https:\/\/api.w.org\/{rel}","templated":true}]}}