{"id":7548,"date":"2022-08-29T12:11:05","date_gmt":"2022-08-29T10:11:05","guid":{"rendered":"https:\/\/non-stopshop.eu\/cz\/?post_type=product&#038;p=7548"},"modified":"2022-08-29T17:15:34","modified_gmt":"2022-08-29T15:15:34","slug":"mramorovaci-barvy-na-vodni-bazi-pro-malbu","status":"publish","type":"product","link":"https:\/\/non-stopshop.eu\/cz\/produkt\/mramorovaci-barvy-na-vodni-bazi-pro-malbu\/","title":{"rendered":"Mramorovac\u00ed barvy na vodn\u00ed b\u00e1zi pro malbu"},"content":{"rendered":"","protected":false},"excerpt":{"rendered":"<p>Vytvo\u0159te skute\u010dn\u00e1 um\u011bleck\u00e1 d\u00edla s touto sadou vodn\u00edch mramorovac\u00edch barev. Vytvo\u0159te um\u011bn\u00ed na \u010demkoli, sta\u010d\u00ed pono\u0159it sv\u016fj obl\u00edben\u00fd p\u0159edm\u011bt do barvy a v\u00fdsledky budou fantastick\u00e9!<\/p>\n<p>&nbsp;<\/p>\n<p>&nbsp;<\/p>\n","protected":false},"featured_media":7549,"comment_status":"open","ping_status":"closed","template":"","meta":{"inline_featured_image":false},"product_brand":[],"product_cat":[15],"product_tag":[],"class_list":{"0":"post-7548","1":"product","2":"type-product","3":"status-publish","4":"has-post-thumbnail","6":"product_cat-uncategorized","8":"first","9":"instock","10":"sale","11":"taxable","12":"shipping-taxable","13":"purchasable","14":"product-type-simple"},"acf":[],"_links":{"self":[{"href":"https:\/\/non-stopshop.eu\/cz\/wp-json\/wp\/v2\/product\/7548","targetHints":{"allow":["GET"]}}],"collection":[{"href":"https:\/\/non-stopshop.eu\/cz\/wp-json\/wp\/v2\/product"}],"about":[{"href":"https:\/\/non-stopshop.eu\/cz\/wp-json\/wp\/v2\/types\/product"}],"replies":[{"embeddable":true,"href":"https:\/\/non-stopshop.eu\/cz\/wp-json\/wp\/v2\/comments?post=7548"}],"wp:featuredmedia":[{"embeddable":true,"href":"https:\/\/non-stopshop.eu\/cz\/wp-json\/wp\/v2\/media\/7549"}],"wp:attachment":[{"href":"https:\/\/non-stopshop.eu\/cz\/wp-json\/wp\/v2\/media?parent=7548"}],"wp:term":[{"taxonomy":"product_brand","embeddable":true,"href":"https:\/\/non-stopshop.eu\/cz\/wp-json\/wp\/v2\/product_brand?post=7548"},{"taxonomy":"product_cat","embeddable":true,"href":"https:\/\/non-stopshop.eu\/cz\/wp-json\/wp\/v2\/product_cat?post=7548"},{"taxonomy":"product_tag","embeddable":true,"href":"https:\/\/non-stopshop.eu\/cz\/wp-json\/wp\/v2\/product_tag?post=7548"}],"curies":[{"name":"wp","href":"https:\/\/api.w.org\/{rel}","templated":true}]}}