{"id":7554,"date":"2022-08-29T12:43:28","date_gmt":"2022-08-29T10:43:28","guid":{"rendered":"https:\/\/non-stopshop.eu\/cz\/?post_type=product&#038;p=7554"},"modified":"2022-08-29T17:16:17","modified_gmt":"2022-08-29T15:16:17","slug":"sada-na-vyrobu-3d-figurek","status":"publish","type":"product","link":"https:\/\/non-stopshop.eu\/cz\/produkt\/sada-na-vyrobu-3d-figurek\/","title":{"rendered":"Sada na v\u00fdrobu 3D figurek"},"content":{"rendered":"","protected":false},"excerpt":{"rendered":"<p>DIY sada na v\u00fdrobu figurek je ide\u00e1ln\u00ed pro z\u00e1bavu a relaxaci. Tato zaj\u00edmav\u00e1 hra je relaxa\u010dn\u00ed a efektivn\u00ed. Velmi snadno se pou\u017e\u00edv\u00e1 a je ide\u00e1ln\u00edm n\u00e1strojem pro vyj\u00e1d\u0159en\u00ed kreativity.<\/p>\n<p>&nbsp;<\/p>\n<p>&nbsp;<\/p>\n","protected":false},"featured_media":7558,"comment_status":"open","ping_status":"closed","template":"","meta":{"inline_featured_image":false},"product_brand":[],"product_cat":[15],"product_tag":[],"class_list":{"0":"post-7554","1":"product","2":"type-product","3":"status-publish","4":"has-post-thumbnail","6":"product_cat-uncategorized","8":"first","9":"instock","10":"sale","11":"taxable","12":"shipping-taxable","13":"purchasable","14":"product-type-simple"},"acf":[],"_links":{"self":[{"href":"https:\/\/non-stopshop.eu\/cz\/wp-json\/wp\/v2\/product\/7554","targetHints":{"allow":["GET"]}}],"collection":[{"href":"https:\/\/non-stopshop.eu\/cz\/wp-json\/wp\/v2\/product"}],"about":[{"href":"https:\/\/non-stopshop.eu\/cz\/wp-json\/wp\/v2\/types\/product"}],"replies":[{"embeddable":true,"href":"https:\/\/non-stopshop.eu\/cz\/wp-json\/wp\/v2\/comments?post=7554"}],"wp:featuredmedia":[{"embeddable":true,"href":"https:\/\/non-stopshop.eu\/cz\/wp-json\/wp\/v2\/media\/7558"}],"wp:attachment":[{"href":"https:\/\/non-stopshop.eu\/cz\/wp-json\/wp\/v2\/media?parent=7554"}],"wp:term":[{"taxonomy":"product_brand","embeddable":true,"href":"https:\/\/non-stopshop.eu\/cz\/wp-json\/wp\/v2\/product_brand?post=7554"},{"taxonomy":"product_cat","embeddable":true,"href":"https:\/\/non-stopshop.eu\/cz\/wp-json\/wp\/v2\/product_cat?post=7554"},{"taxonomy":"product_tag","embeddable":true,"href":"https:\/\/non-stopshop.eu\/cz\/wp-json\/wp\/v2\/product_tag?post=7554"}],"curies":[{"name":"wp","href":"https:\/\/api.w.org\/{rel}","templated":true}]}}