{"id":7846,"date":"2022-09-08T11:13:27","date_gmt":"2022-09-08T09:13:27","guid":{"rendered":"https:\/\/non-stopshop.eu\/cz\/?post_type=product&#038;p=7846"},"modified":"2022-09-08T11:26:04","modified_gmt":"2022-09-08T09:26:04","slug":"dekorativni-solarni-lampy","status":"publish","type":"product","link":"https:\/\/non-stopshop.eu\/cz\/produkt\/dekorativni-solarni-lampy\/","title":{"rendered":"Dekorativn\u00ed sol\u00e1rn\u00ed lampy"},"content":{"rendered":"","protected":false},"excerpt":{"rendered":"<p>Dekorativn\u00ed sol\u00e1rn\u00ed lampy jsou jedine\u010dn\u00e1 sv\u00edtidla, kter\u00e1 ozdob\u00ed ka\u017edou zahradu \u010di balkon. Ohebn\u00e9 dr\u00e1ty se budou pohybovat ve v\u011btru a poskytnou v\u00e1m jedine\u010dnou kr\u00e1snou sc\u00e9nu.<\/p>\n<p>&nbsp;<\/p>\n<p>&nbsp;<\/p>\n","protected":false},"featured_media":7853,"comment_status":"open","ping_status":"closed","template":"","meta":{"inline_featured_image":false},"product_brand":[],"product_cat":[15],"product_tag":[],"class_list":{"0":"post-7846","1":"product","2":"type-product","3":"status-publish","4":"has-post-thumbnail","6":"product_cat-uncategorized","8":"first","9":"instock","10":"sale","11":"taxable","12":"shipping-taxable","13":"purchasable","14":"product-type-simple"},"acf":[],"_links":{"self":[{"href":"https:\/\/non-stopshop.eu\/cz\/wp-json\/wp\/v2\/product\/7846","targetHints":{"allow":["GET"]}}],"collection":[{"href":"https:\/\/non-stopshop.eu\/cz\/wp-json\/wp\/v2\/product"}],"about":[{"href":"https:\/\/non-stopshop.eu\/cz\/wp-json\/wp\/v2\/types\/product"}],"replies":[{"embeddable":true,"href":"https:\/\/non-stopshop.eu\/cz\/wp-json\/wp\/v2\/comments?post=7846"}],"wp:featuredmedia":[{"embeddable":true,"href":"https:\/\/non-stopshop.eu\/cz\/wp-json\/wp\/v2\/media\/7853"}],"wp:attachment":[{"href":"https:\/\/non-stopshop.eu\/cz\/wp-json\/wp\/v2\/media?parent=7846"}],"wp:term":[{"taxonomy":"product_brand","embeddable":true,"href":"https:\/\/non-stopshop.eu\/cz\/wp-json\/wp\/v2\/product_brand?post=7846"},{"taxonomy":"product_cat","embeddable":true,"href":"https:\/\/non-stopshop.eu\/cz\/wp-json\/wp\/v2\/product_cat?post=7846"},{"taxonomy":"product_tag","embeddable":true,"href":"https:\/\/non-stopshop.eu\/cz\/wp-json\/wp\/v2\/product_tag?post=7846"}],"curies":[{"name":"wp","href":"https:\/\/api.w.org\/{rel}","templated":true}]}}