{"id":7856,"date":"2022-09-08T11:35:28","date_gmt":"2022-09-08T09:35:28","guid":{"rendered":"https:\/\/non-stopshop.eu\/cz\/?post_type=product&#038;p=7856"},"modified":"2022-09-08T11:54:33","modified_gmt":"2022-09-08T09:54:33","slug":"bidetova-sprska-washpipe-2","status":"publish","type":"product","link":"https:\/\/non-stopshop.eu\/cz\/produkt\/bidetova-sprska-washpipe-2\/","title":{"rendered":"Bidetov\u00e1 spr\u0161ka \u2013 WashPipe"},"content":{"rendered":"","protected":false},"excerpt":{"rendered":"<p>WashPipe univerz\u00e1ln\u00ed sada, se kterou snadno prom\u011bn\u00edte svou toaletn\u00ed m\u00edsu v\u00a0bidet a zajist\u00edte maxim\u00e1ln\u00ed osobn\u00ed hygienu bez slo\u017eit\u00e9 instalace a mont\u00e1\u017ee.<\/p>\n<p>&nbsp;<\/p>\n<p>&nbsp;<\/p>\n","protected":false},"featured_media":7864,"comment_status":"open","ping_status":"closed","template":"","meta":{"inline_featured_image":false},"product_brand":[],"product_cat":[15],"product_tag":[],"class_list":{"0":"post-7856","1":"product","2":"type-product","3":"status-publish","4":"has-post-thumbnail","6":"product_cat-uncategorized","8":"first","9":"instock","10":"sale","11":"taxable","12":"shipping-taxable","13":"purchasable","14":"product-type-simple"},"acf":[],"_links":{"self":[{"href":"https:\/\/non-stopshop.eu\/cz\/wp-json\/wp\/v2\/product\/7856","targetHints":{"allow":["GET"]}}],"collection":[{"href":"https:\/\/non-stopshop.eu\/cz\/wp-json\/wp\/v2\/product"}],"about":[{"href":"https:\/\/non-stopshop.eu\/cz\/wp-json\/wp\/v2\/types\/product"}],"replies":[{"embeddable":true,"href":"https:\/\/non-stopshop.eu\/cz\/wp-json\/wp\/v2\/comments?post=7856"}],"wp:featuredmedia":[{"embeddable":true,"href":"https:\/\/non-stopshop.eu\/cz\/wp-json\/wp\/v2\/media\/7864"}],"wp:attachment":[{"href":"https:\/\/non-stopshop.eu\/cz\/wp-json\/wp\/v2\/media?parent=7856"}],"wp:term":[{"taxonomy":"product_brand","embeddable":true,"href":"https:\/\/non-stopshop.eu\/cz\/wp-json\/wp\/v2\/product_brand?post=7856"},{"taxonomy":"product_cat","embeddable":true,"href":"https:\/\/non-stopshop.eu\/cz\/wp-json\/wp\/v2\/product_cat?post=7856"},{"taxonomy":"product_tag","embeddable":true,"href":"https:\/\/non-stopshop.eu\/cz\/wp-json\/wp\/v2\/product_tag?post=7856"}],"curies":[{"name":"wp","href":"https:\/\/api.w.org\/{rel}","templated":true}]}}