{"id":7919,"date":"2022-09-09T10:35:08","date_gmt":"2022-09-09T08:35:08","guid":{"rendered":"https:\/\/non-stopshop.eu\/cz\/?post_type=product&#038;p=7919"},"modified":"2023-01-10T12:00:09","modified_gmt":"2023-01-10T11:00:09","slug":"rucni-elektricky-krajec-zeleniny-4-v-1-2","status":"publish","type":"product","link":"https:\/\/non-stopshop.eu\/cz\/produkt\/rucni-elektricky-krajec-zeleniny-4-v-1-2\/","title":{"rendered":"Ru\u010dn\u00ed elektrick\u00fd kr\u00e1je\u010d zeleniny 4 v 1"},"content":{"rendered":"","protected":false},"excerpt":{"rendered":"<p>Multifunk\u010dn\u00ed sada 4v1 pro kr\u00e1jen\u00ed ovoce, zeleniny, elektrick\u00fd kart\u00e1\u010d nebo ml\u00fdnek na maso. Pouze s jedn\u00edm produktem m\u016f\u017eete pracovat mnoha r\u016fzn\u00fdmi zp\u016fsoby.<\/p>\n","protected":false},"featured_media":7931,"comment_status":"closed","ping_status":"closed","template":"","meta":{"inline_featured_image":false},"product_brand":[],"product_cat":[15,27,35],"product_tag":[],"class_list":{"0":"post-7919","1":"product","2":"type-product","3":"status-publish","4":"has-post-thumbnail","6":"product_cat-uncategorized","7":"product_cat-home","8":"product_cat-fun","10":"first","11":"instock","12":"sale","13":"taxable","14":"shipping-taxable","15":"purchasable","16":"product-type-simple"},"acf":[],"_links":{"self":[{"href":"https:\/\/non-stopshop.eu\/cz\/wp-json\/wp\/v2\/product\/7919","targetHints":{"allow":["GET"]}}],"collection":[{"href":"https:\/\/non-stopshop.eu\/cz\/wp-json\/wp\/v2\/product"}],"about":[{"href":"https:\/\/non-stopshop.eu\/cz\/wp-json\/wp\/v2\/types\/product"}],"replies":[{"embeddable":true,"href":"https:\/\/non-stopshop.eu\/cz\/wp-json\/wp\/v2\/comments?post=7919"}],"wp:featuredmedia":[{"embeddable":true,"href":"https:\/\/non-stopshop.eu\/cz\/wp-json\/wp\/v2\/media\/7931"}],"wp:attachment":[{"href":"https:\/\/non-stopshop.eu\/cz\/wp-json\/wp\/v2\/media?parent=7919"}],"wp:term":[{"taxonomy":"product_brand","embeddable":true,"href":"https:\/\/non-stopshop.eu\/cz\/wp-json\/wp\/v2\/product_brand?post=7919"},{"taxonomy":"product_cat","embeddable":true,"href":"https:\/\/non-stopshop.eu\/cz\/wp-json\/wp\/v2\/product_cat?post=7919"},{"taxonomy":"product_tag","embeddable":true,"href":"https:\/\/non-stopshop.eu\/cz\/wp-json\/wp\/v2\/product_tag?post=7919"}],"curies":[{"name":"wp","href":"https:\/\/api.w.org\/{rel}","templated":true}]}}