{"id":9488,"date":"2022-11-16T10:16:51","date_gmt":"2022-11-16T09:16:51","guid":{"rendered":"https:\/\/non-stopshop.eu\/cz\/?post_type=product&#038;p=9488"},"modified":"2023-03-21T09:57:18","modified_gmt":"2023-03-21T08:57:18","slug":"rezaci-nastavec-na-rezani-kovu","status":"publish","type":"product","link":"https:\/\/non-stopshop.eu\/cz\/produkt\/rezaci-nastavec-na-rezani-kovu\/","title":{"rendered":"\u0158ezac\u00ed n\u00e1stavec na \u0159ez\u00e1n\u00ed kov\u016f"},"content":{"rendered":"","protected":false},"excerpt":{"rendered":"<p>Vysok\u00e1 rychlost \u0159ez\u00e1n\u00ed a \u010dist\u00e9 a p\u0159esn\u00e9 \u0159ezy v\u00e1m umo\u017en\u00ed maxim\u00e1ln\u00ed efektivitu a p\u0159esnost. Dokonale se pohybuje v \u00fazk\u00fdch vzorech a roz\u00edch a poka\u017ed\u00e9 poskytuje optim\u00e1ln\u00ed st\u0159ih.<\/p>\n","protected":false},"featured_media":9492,"comment_status":"closed","ping_status":"closed","template":"","meta":{"inline_featured_image":false},"product_brand":[],"product_cat":[15,25,27],"product_tag":[],"class_list":{"0":"post-9488","1":"product","2":"type-product","3":"status-publish","4":"has-post-thumbnail","6":"product_cat-uncategorized","7":"product_cat-car","8":"product_cat-home","10":"first","11":"instock","12":"sale","13":"taxable","14":"shipping-taxable","15":"purchasable","16":"product-type-simple"},"acf":[],"_links":{"self":[{"href":"https:\/\/non-stopshop.eu\/cz\/wp-json\/wp\/v2\/product\/9488","targetHints":{"allow":["GET"]}}],"collection":[{"href":"https:\/\/non-stopshop.eu\/cz\/wp-json\/wp\/v2\/product"}],"about":[{"href":"https:\/\/non-stopshop.eu\/cz\/wp-json\/wp\/v2\/types\/product"}],"replies":[{"embeddable":true,"href":"https:\/\/non-stopshop.eu\/cz\/wp-json\/wp\/v2\/comments?post=9488"}],"wp:featuredmedia":[{"embeddable":true,"href":"https:\/\/non-stopshop.eu\/cz\/wp-json\/wp\/v2\/media\/9492"}],"wp:attachment":[{"href":"https:\/\/non-stopshop.eu\/cz\/wp-json\/wp\/v2\/media?parent=9488"}],"wp:term":[{"taxonomy":"product_brand","embeddable":true,"href":"https:\/\/non-stopshop.eu\/cz\/wp-json\/wp\/v2\/product_brand?post=9488"},{"taxonomy":"product_cat","embeddable":true,"href":"https:\/\/non-stopshop.eu\/cz\/wp-json\/wp\/v2\/product_cat?post=9488"},{"taxonomy":"product_tag","embeddable":true,"href":"https:\/\/non-stopshop.eu\/cz\/wp-json\/wp\/v2\/product_tag?post=9488"}],"curies":[{"name":"wp","href":"https:\/\/api.w.org\/{rel}","templated":true}]}}