{"id":100,"date":"2020-10-28T10:57:15","date_gmt":"2020-10-28T10:57:15","guid":{"rendered":"https:\/\/shopium.eu\/rs\/?page_id=100"},"modified":"2023-04-25T15:31:44","modified_gmt":"2023-04-25T13:31:44","slug":"uslovi-poslovanja","status":"publish","type":"page","link":"https:\/\/non-stopshop.eu\/hr\/uslovi-poslovanja\/","title":{"rendered":"Uvjeti kori\u0161tenja"},"content":{"rendered":"<p><b>Op\u0107e odredbe poslovanja<\/b><\/p>\n<p>NonStopShop.com\/hr je online trgovina koja posluje u skladu sa Zakonom o elektronskoj trgovini i svim ostalim povezanim zakonima Republike Hrvatske. Posje\u0107ivanjem ili kupnjom na NonStopShop.eu\/hr internet trgovini, pristajete na uvjete kori\u0161tenja obja\u0161njene ispod. Molimo Vas da ih pa\u017eljivo pro\u010ditate i upoznate se sa pravilima koja primjenjujemo.NonStopShop.com\/hr pridr\u017eava pravo da napravi izmjene u ovim Uvjetima kori\u0161tenja bez prethodne najave.<\/p>\n<p><b>Komunikacija<\/b><\/p>\n<p>Kada posjetite NonStopShop.eu\/hr, po\u0161aljite nam privatnu poruku putem na\u0161e Facebook stranice NonStopShop.hr ili nam po\u0161aljite email, komunicirajte sa nama elektronski. Pristankom na uvjete kori\u0161tenja pristajete da komunicirate na nama elektronski. Na\u0161a komunikacija prema Vama \u0107e se vr\u0161iti putem emaila ili NonStopShop.hr Facebook stranice. Poruke \u0107e sadr\u017eati sljede\u0107e: jasnu i nedvojbenu oznaku promotivne poruke, po\u0161iljalac \u0107e biti jasno ozna\u010den, promocije i druge marketin\u0161ke tehnike \u0107e jasno biti ozna\u010dene kao takve. Uvjeti u\u010de\u0161\u0107a u njima \u0107e biti jasno odre\u0111eni, na\u010din za otkazivanje pretplate na marketin\u0161ke poruke \u0107e biti jasno predstavljen i korisnikova \u017eelja da otka\u017ee pretplatu na primanje marketin\u0161kih poruka \u0107e biti eksplicitno po\u0161tovana od stane ponu\u0111a\u010da.<\/p>\n<p><b>Izjava za\u0161tite privatnosti<\/b><\/p>\n<p>U ime NonStopShop.com\/hr internet trgovine, obvezujemo se da \u0107emo \u0161tititi privatnost svih na\u0161ih kupaca. Prikupljamo samo neophodne i osnovne podatke o na\u0161im kupcima\/korisnicima i podatke neophodne za poslovanje i informiranje na\u0161ih korisnika u skladu sa principima dobrog poslovanja sa ciljem pru\u017eanja kvalitetne usluge. Dajemo kupcima priliku da biraju, uklju\u010duju\u0107i da li \u017eele da budu uklonjeni sa mailing lista koje se koriste za marketin\u0161ke kampanje. Svi podaci o korisnicima\/kupcima su dobro \u010duvani i dostupni su samo uposlenicima kojima su potrebni za obavljanje posla. Svi uposlenici NonStopShop.eu\/hr internet trgovine (i poslovnih partnera) su odgovorni za po\u0161tivanje principa za\u0161tite privatnosti.<\/p>\n<p><b>Cijene<\/b><br \/>\nSve cijene proizvoda na stanici su navedene sa uklju\u010denim PDV-om. NonStopShop.com\/hr se obvezuje da prihvati bilo koju cijenu po kojoj napravili narud\u017ebu bez obzira da li je cijena proizvoda promijenjena nakon \u0161to ste izvr\u0161ili narud\u017ebu. NonStopShop.com\/rs ima pravo da otka\u017ee narud\u017ebu uz slanje emaila kupcu ukoliko je do\u0161lo do te\u0161ke gre\u0161ke tijekom postavljanja cijene na stranici, npr. navedena je cijena od\u00a0 10 HRK umjesto 1000 HRK. Ra\u010dun za Va\u0161u kupnju \u0107e Vam biti poslan u elektronskom formatu na email adresu koju ste ostavili prilikom kupnje.<\/p>\n<p>&nbsp;<\/p>\n<p><b>Dostava<\/b><\/p>\n<p>Svi proizvodi navedeni na na\u0161oj stranici se tako\u0111er nalaze u na\u0161im zalihama. Prilikom kupnje, kupac je odgovoran za pla\u0107anje tro\u0161kova dostave prilikom preuzimanja proizvoda, osim prilikom naru\u010divanja odre\u0111enih proizvoda sa naznakom \u201cdostava je uklju\u010dena u cijenu\u201d ili \u201cbesplatna dostava\u201d. Koristimo GLS i Po\u0161tu Hrvatske dostavlja\u010dke slu\u017ebe za dostave u Republici Hrvatskoj. Imamo potpisane ugovore o poslovnoj suradnji sa navedenim dostavlja\u010dkim slu\u017ebama. Dostava kupljenih proizvoda \u0107e trajati izme\u0111u 1 i 3 radna dana. Naru\u010deni proizvodi se dostavljaju na adresu koju ste naveli kao adresu za dostavu i pla\u0107anje se vr\u0161i dostavlja\u010dkoj slu\u017ebi koja je izvr\u0161ila dostavu.<\/p>\n<p>&nbsp;<\/p>\n<p><b>Intelektualno vlasni\u0161tvo<\/b><\/p>\n<p>Sav sadr\u017eaj prikazan na ovoj stanici poput stranica, dizajnerskih elementa (gumbova, ikonica, itd.), teksta, fotografija, audio snimaka i softwarea su vlasni\u0161tvo NonStopShop.eu\/hr ili njihovih dobavlja\u010da i ne mogu biti kori\u0161teni bez prethodnog odobrenja NonStopShop.eu\/hr. Ukoliko vjerujete da je bilo koji dio sadr\u017eaja koji se nalazi na NonStopShop.eu\/hr Va\u0161 ili je zloupotrijebljen, molimo Vas da nas kontaktirate da bi mogli utvrditi intelektualno vlasni\u0161tvo. Sve informacije dostupne na web stranicama su \u010disto informativnog karaktera i ne mogu biti kori\u0161tene u komercijalne svrhe ili distribuirane tre\u0107im licima.<\/p>\n<p>&nbsp;<\/p>\n<p><b>Komentari, komunikacija i korisni\u010dki sadr\u017eaj<\/b><\/p>\n<p>Posjetitelji mogu komentirati proizvode i slati emailove NonStopShop.eu\/hr. NonStopShop.com\/hr ima pravo da ne objavi bilo koji komentar koji je uvredljiv, sadr\u017ei prostote, \u0161iri mr\u017enju, ili na bilo koji na\u010din ugro\u017eava prava drugih. Takvi komentari \u0107e biti uklonjeni bez prethodne najave. La\u017eno predstavljanje ili registracija sa tu\u0111im emailom nije dopu\u0161tena na NonStopShop.eu\/hr. NonStopShop.com\/hr mo\u017ee pokrenuti prikladne pravne procedure protiv takvih aktivnosti.<\/p>\n<p>&nbsp;<\/p>\n<p><b>Opisi proizvoda.<\/b><\/p>\n<p>NonStopShop.com\/hr nastoji da opi\u0161e sve proizvode \u0161to je preciznije mogu\u0107e. Tako\u0111er, NonStopShop.eu\/hr ne garantira da su svi navedeni podaci o proizvodima to\u010dni, potpuni, pouzdani, ili da ne sadr\u017ee gre\u0161ke. Ukoliko proizvod koji ste kupili odstupa od podataka navedenih na stranici, mo\u017eete ga vratiti u neo\u0161te\u0107enom stanju uz potpunu pripadaju\u0107u dokumentaciju i mi \u0107emo Vam vratiti novac.<\/p>\n<p>&nbsp;<\/p>\n<p><b>Radno vrijeme<\/b><\/p>\n<p>NonStopShop.com\/hr online trgovina radi 24 sata dnevno, 7 dana u tjednu. U slu\u010daju tehni\u010dkih problema ili redovnog odr\u017eavanja, stranica mo\u017ee biti nedostupna na kra\u0107i vremenski period o \u010demu \u0107ete biti obavije\u0161teni.<\/p>\n<p>&nbsp;<\/p>\n<p><b>Mijenjanje (a\u017euriranje) podataka na stranici<\/b><\/p>\n<p>NonStopShop.com\/hr zadr\u017eava pravo da u bilo kojem trenutku i bez prethodne najave promijeni podatke navedene na bilo kojem dijelu stranice. Posjetitelji NonStopShop.eu\/rs nemaju pravo da jednostrano mijenjaju uvjete kori\u0161tenja i bilo koja mogu\u0107a promjena nije va\u017ee\u0107a osim ukoliko obje strane ne pristanu na nju u pismenom obliku.<\/p>\n<p>&nbsp;<\/p>\n<p><b>Ostalo<\/b><\/p>\n<p>Djelomi\u010dna ili potpuna nemogu\u0107nost provedbe ili nezakonitost neke odredbe ovih Uvjeta kori\u0161tenja ne\u0107e naru\u0161iti valjanost ostalih odredbi koje ostaju na snazi. Nezakonita odredba ili odredba koju je nemogu\u0107e provesti \u0107e biti zamijenjena drugom prikladnom odredbom. Pristajete da Va\u0161a prava i obaveze koje proisti\u010du iz ovih Uvjeta kori\u0161tenja ne mogu biti prenesena na tre\u0107a lica bez izri\u010dite pisane suglasnosti NonStopShop.eu\/hr.<\/p>\n","protected":false},"excerpt":{"rendered":"<p>Op\u0107e odredbe poslovanja NonStopShop.com\/hr je online trgovina koja posluje u skladu sa Zakonom o elektronskoj trgovini i svim ostalim povezanim zakonima Republike Hrvatske. Posje\u0107ivanjem ili kupnjom na NonStopShop.eu\/hr internet trgovini, pristajete na uvjete kori\u0161tenja obja\u0161njene ispod. Molimo Vas da ih pa\u017eljivo pro\u010ditate i upoznate se sa pravilima koja primjenjujemo.NonStopShop.com\/hr pridr\u017eava pravo da napravi izmjene u &hellip; <a href=\"https:\/\/non-stopshop.eu\/hr\/uslovi-poslovanja\/\">Continued<\/a><\/p>\n","protected":false},"author":1,"featured_media":0,"parent":0,"menu_order":0,"comment_status":"closed","ping_status":"closed","template":"","meta":{"inline_featured_image":false,"footnotes":""},"class_list":["post-100","page","type-page","status-publish","hentry"],"acf":[],"_links":{"self":[{"href":"https:\/\/non-stopshop.eu\/hr\/wp-json\/wp\/v2\/pages\/100","targetHints":{"allow":["GET"]}}],"collection":[{"href":"https:\/\/non-stopshop.eu\/hr\/wp-json\/wp\/v2\/pages"}],"about":[{"href":"https:\/\/non-stopshop.eu\/hr\/wp-json\/wp\/v2\/types\/page"}],"author":[{"embeddable":true,"href":"https:\/\/non-stopshop.eu\/hr\/wp-json\/wp\/v2\/users\/1"}],"replies":[{"embeddable":true,"href":"https:\/\/non-stopshop.eu\/hr\/wp-json\/wp\/v2\/comments?post=100"}],"version-history":[{"count":7,"href":"https:\/\/non-stopshop.eu\/hr\/wp-json\/wp\/v2\/pages\/100\/revisions"}],"predecessor-version":[{"id":6573,"href":"https:\/\/non-stopshop.eu\/hr\/wp-json\/wp\/v2\/pages\/100\/revisions\/6573"}],"wp:attachment":[{"href":"https:\/\/non-stopshop.eu\/hr\/wp-json\/wp\/v2\/media?parent=100"}],"curies":[{"name":"wp","href":"https:\/\/api.w.org\/{rel}","templated":true}]}}