{"id":102,"date":"2020-10-28T10:57:38","date_gmt":"2020-10-28T10:57:38","guid":{"rendered":"https:\/\/shopium.eu\/rs\/?page_id=102"},"modified":"2022-03-29T08:59:04","modified_gmt":"2022-03-29T06:59:04","slug":"reklamacije-i-zamene","status":"publish","type":"page","link":"https:\/\/non-stopshop.eu\/hr\/reklamacije-i-zamene\/","title":{"rendered":"\u017dalbe i zamjena proizvoda"},"content":{"rendered":"<p><b>\u017dALBE I ZAMJENE<\/b><\/p>\n<p><b>\u017dALBE<\/b><\/p>\n<p><span style=\"font-weight: 400\">Ukoliko imate \u017ealbu na proizvod ili na\u0161u uslugu, slobodno nas kontaktirajte (hr@non-stopshop.eu<\/span><span style=\"font-weight: 400\">). Budite sigurni da smo spremni i u mogu\u0107nosti da rije\u0161imo bilo koji situaciju do koje mo\u017ee do\u0107i. Proizvodi koji su potro\u0161na roba ili proizvodi koji dolaze u dodir sa ko\u017eom ili intimnim dijelovima tijela nisu podlo\u017eni \u017ealbama.\u00a0<\/span><\/p>\n<p><b>Povrat novca ili zamjena proizvoda<\/b><\/p>\n<p><span style=\"font-weight: 400\">Imate mogu\u0107nost da zamijenite kupljeni proizvod u roku od 14 dana od dana kupnje. Proizvod mo\u017ee biti zamijenjen za drugi proizvod ili mo\u017eete tra\u017eiti povrat novca<\/span><\/p>\n<p><span style=\"font-weight: 400\">Proizvod koji \u017eelite zamijeniti mora biti neo\u0161te\u0107en i vra\u0107en u prvobitnom i neo\u0161te\u0107enom pakiranju uz svu pripadaju\u0107u opremu. <\/span><b>U suprotnom, Va\u0161a \u017ealba \u0107e biti odbijena ili dijelomi\u010dno rije\u0161ena!<\/b><\/p>\n<p><span style=\"font-weight: 400\">U roku od 14 dana od primanja paketa, mo\u017eete nas obavijestiti putem emaila (hr@non-stopshop.eu) da \u017eelite odstupiti od ugovora i navesti Va\u0161e podatke, kao i broj Va\u0161e po\u0161iljke, ili nam poslati elektronski ra\u010dun koji ste primili putem emaila tijekom kupnje da bi mogli identificirati na\u0161u narud\u017ebu. U me\u0111uvremenu, ovdje mo\u017eete preuzeti i ispuniti formular koji trebate popuniti i vratiti nam proizvod u roku od 30 dana na na\u0161u adresu:\u00a0<\/span><\/p>\n<p data-pm-slice=\"1 1 []\"><strong>ECTCEU d.o.o.,Kamni\u0161ka cesta 24, 1235 Radomlje, Slovenia<\/strong><\/p>\n<p>&nbsp;<\/p>\n<p>U slu\u010daju zamjene proizvoda ispunite: <a href=\"https:\/\/bit.ly\/2TB0fnI\">https:\/\/bit.ly\/2TB0fnI<\/a><\/p>\n<p>U slu\u010daju povrata novca ispunite: <a href=\"https:\/\/bit.ly\/2zgurxO\">https:\/\/bit.ly\/2zgurxO<\/a><\/p>\n<p>&nbsp;<\/p>\n<p><b><i>Email na koji trebate pisati u slu\u010daju \u017ealbe ili zamjene: hr@non-stopshop.eu<\/i><\/b><\/p>\n<p>&nbsp;<\/p>\n<p><b>Bilje\u0161ke:<\/b><\/p>\n<p><i><span style=\"font-weight: 400\">Tro\u0161kove dostave nosi po\u0161iljalac. Po\u0161iljke koje se pla\u0107aju pouze\u0107em ne\u0107e biti prihva\u0107ene!<\/span><\/i><\/p>\n<p><i><span style=\"font-weight: 400\">Ukoliko ne po\u0161aljete obavijest o odstupanju od ugovora u pisanom obliku unutar 14 dana od primitka po\u0161iljke, povrat novca ili zamjena proizvoda ne\u0107e biti mogu\u0107i!<\/span><\/i><\/p>\n<p><i><span style=\"font-weight: 400\">Va\u0161 proizvod \u0107e biti zamijenjen ili \u0107e Vam novac biti vra\u0107en u roku od 8 radnih dana od primitka Va\u0161e po\u0161iljke.<\/span><\/i><\/p>\n","protected":false},"excerpt":{"rendered":"<p>\u017dALBE I ZAMJENE \u017dALBE Ukoliko imate \u017ealbu na proizvod ili na\u0161u uslugu, slobodno nas kontaktirajte (hr@non-stopshop.eu). Budite sigurni da smo spremni i u mogu\u0107nosti da rije\u0161imo bilo koji situaciju do koje mo\u017ee do\u0107i. Proizvodi koji su potro\u0161na roba ili proizvodi koji dolaze u dodir sa ko\u017eom ili intimnim dijelovima tijela nisu podlo\u017eni \u017ealbama.\u00a0 Povrat novca &hellip; <a href=\"https:\/\/non-stopshop.eu\/hr\/reklamacije-i-zamene\/\">Continued<\/a><\/p>\n","protected":false},"author":1,"featured_media":0,"parent":0,"menu_order":0,"comment_status":"closed","ping_status":"closed","template":"","meta":{"inline_featured_image":false,"footnotes":""},"class_list":["post-102","page","type-page","status-publish","hentry"],"acf":[],"_links":{"self":[{"href":"https:\/\/non-stopshop.eu\/hr\/wp-json\/wp\/v2\/pages\/102","targetHints":{"allow":["GET"]}}],"collection":[{"href":"https:\/\/non-stopshop.eu\/hr\/wp-json\/wp\/v2\/pages"}],"about":[{"href":"https:\/\/non-stopshop.eu\/hr\/wp-json\/wp\/v2\/types\/page"}],"author":[{"embeddable":true,"href":"https:\/\/non-stopshop.eu\/hr\/wp-json\/wp\/v2\/users\/1"}],"replies":[{"embeddable":true,"href":"https:\/\/non-stopshop.eu\/hr\/wp-json\/wp\/v2\/comments?post=102"}],"version-history":[{"count":7,"href":"https:\/\/non-stopshop.eu\/hr\/wp-json\/wp\/v2\/pages\/102\/revisions"}],"predecessor-version":[{"id":3686,"href":"https:\/\/non-stopshop.eu\/hr\/wp-json\/wp\/v2\/pages\/102\/revisions\/3686"}],"wp:attachment":[{"href":"https:\/\/non-stopshop.eu\/hr\/wp-json\/wp\/v2\/media?parent=102"}],"curies":[{"name":"wp","href":"https:\/\/api.w.org\/{rel}","templated":true}]}}