{"id":1044,"date":"2021-01-05T14:08:01","date_gmt":"2021-01-05T13:08:01","guid":{"rendered":"https:\/\/shopium.eu\/hr\/?page_id=1044"},"modified":"2021-01-05T14:08:01","modified_gmt":"2021-01-05T13:08:01","slug":"politika-upotrebe-kolacica","status":"publish","type":"page","link":"https:\/\/non-stopshop.eu\/hr\/politika-upotrebe-kolacica\/","title":{"rendered":"Politika upotrebe kola\u010di\u0107a"},"content":{"rendered":"<p><span style=\"font-weight: 400;\">Tvrtka ECTCEU d.o.o. po\u0161tuje i \u0161titi va\u0161u privatnost. U nastavku se nalaze detaljnije informacije o na\u010dinu na koji postupamo s va\u0161im osobnim podacima.<\/span><\/p>\n<p><span style=\"font-weight: 400;\">U ovim se Pravilima o kola\u010di\u0107ima opisuje obrada podataka prikupljenih upotrebom kola\u010di\u0107a i sli\u010dnih tehnologija. Ova su pravila pripremljena u skladu s Op\u0107om uredbom o za\u0161titi podataka Europske unije (GDPR) i va\u017ee\u0107im slovenskim zakonodavstvom.<\/span><\/p>\n<p><b>1.\u00a0<\/b><strong><b>O kola\u010di\u0107ima<\/b><\/strong><\/p>\n<p><span style=\"font-weight: 400;\">\u0160to su kola\u010di\u0107i i za\u0161to su potrebni?<\/span><\/p>\n<p><span style=\"font-weight: 400;\">Kola\u010di\u0107 je mali podatak koji web-mjesto \u0161alje pregledniku u vezi s va\u0161im posjetom. Na taj vas na\u010din web-mjesto prepoznaje, pamti informacije u vezi s va\u0161im posjetom i pru\u017ea vam prilago\u0111enu i jednostavnu internetsku uslugu. Kola\u010di\u0107i nam poma\u017eu da prilagodimo sadr\u017eaj na\u0161eg web-mjesta, zapamtimo va\u0161e postavke i zabilje\u017eimo posjete na\u0161em web-mjestu. Kola\u010di\u0107i omogu\u0107uju ugodno, brzo i u\u010dinkovitije iskustvo pregledavanja na\u0161eg web-mjesta.<\/span><\/p>\n<p>&nbsp;<\/p>\n<p><strong>2. <b>Kola\u010di\u0107i koje upotrebljavamo<\/b><\/strong><\/p>\n<p><span style=\"font-weight: 400;\">Na na\u0161em web-mjestu upotrebljavamo razli\u010dite kategorije kola\u010di\u0107a podijeljene u \u010detiri kategorije:<\/span><\/p>\n<ul>\n<li style=\"font-weight: 400;\"><span style=\"font-weight: 400;\">neophodni kola\u010di\u0107i,<\/span><\/li>\n<li style=\"font-weight: 400;\"><span style=\"font-weight: 400;\">analiti\u010dki kola\u010di\u0107i,<\/span><\/li>\n<li style=\"font-weight: 400;\"><span style=\"font-weight: 400;\">funkcionalni kola\u010di\u0107i i<\/span><\/li>\n<li style=\"font-weight: 400;\"><span style=\"font-weight: 400;\">ogla\u0161iva\u010dki (marketin\u0161ki) kola\u010di\u0107i.<\/span><\/li>\n<\/ul>\n<p><b>Neophodni kola\u010di\u0107i<\/b><span style=\"font-weight: 400;\">\u00a0su kola\u010di\u0107i bez kojih na\u0161e web-mjesto ne bi moglo funkcionirati. Ovi se kola\u010di\u0107i automatski postavljaju na va\u0161 ure\u0111aj i ne mogu se isklju\u010diti. Neophodni kola\u010di\u0107i ne mogu vas identificirati i oni su tu samo kako bi zajam\u010dili da se web-mjesto ispravno prikazuje.<\/span><\/p>\n<p><b>Analiti\u010dki kola\u010di\u0107i<\/b><span style=\"font-weight: 400;\">\u00a0omogu\u0107uju nam provo\u0111enje razli\u010ditih statisti\u010dkih analiza na\u0161eg web-mjesta. Ti se kola\u010di\u0107i upotrebljavaju u anonimiziranom obliku, \u0161to zna\u010di da vas se njima ne mo\u017ee identificirati. Mo\u017eete isklju\u010diti upotrebu ovih kola\u010di\u0107a na svom internetskom pregledniku ili u odjeljku \u201ePostavke kola\u010di\u0107a\u201d na dnu na\u0161eg web-mjesta.<\/span><\/p>\n<p><b>Funkcionalni kola\u010di\u0107i<\/b><span style=\"font-weight: 400;\">\u00a0su kola\u010di\u0107i koji omogu\u0107uju razne funkcije na\u0161eg web-mjesta, poput postavljanja jezika, \u010duvanja sadr\u017eaja va\u0161e ko\u0161arice itd. Ovi se kola\u010di\u0107i postavljaju na va\u0161 ure\u0111aj samo uz va\u0161u prethodnu privolu.<\/span><\/p>\n<p><b>Marketin\u0161ki kola\u010di\u0107i<\/b><span style=\"font-weight: 400;\">\u00a0upotrebljavaju se za provo\u0111enje personaliziranih usluga ogla\u0161avanja. S pomo\u0107u podataka ovi kola\u010di\u0107i stvaraju va\u0161 profil na temelju \u010dega \u0107ete vidjeti samo oglase za koje se smatra da \u0107e vam biti zanimljivi. Ovi se kola\u010di\u0107i postavljaju na va\u0161 ure\u0111aj samo uz va\u0161u prethodnu privolu. \u017deljeli bismo vas upozoriti da odbijanje upotrebe ovih kola\u010di\u0107a ne\u0107e sprije\u010diti prikazivanje oglasa na web-mjestu jer \u0107e se oni i dalje prikazivati; me\u0111utim, vi\u0161e ne\u0107e biti prilago\u0111eni va\u0161im interesima.<\/span><\/p>\n<p><span style=\"font-weight: 400;\">Uz prethodno spomenute kategorije, razlikujemo i kola\u010di\u0107e prve strane i kola\u010di\u0107e tre\u0107e strane koje upotrebljavamo na na\u0161em web-mjestu.<\/span><\/p>\n<p><b>Kola\u010di\u0107i prve strane<\/b><span style=\"font-weight: 400;\">\u00a0<\/span><span style=\"font-weight: 400;\">su kola\u010di\u0107i koji pripadaju ovom web-mjestu, tj. kola\u010di\u0107i koje su na ovo web-mjesto postavili na\u0161a tvrtka ili na\u0161i ugovorni izvr\u0161itelji obrade.\u00a0<\/span><span style=\"font-weight: 400;\">Da biste saznali vi\u0161e o na\u0161im ugovornim izvr\u0161iteljima obrade, pro\u010ditajte na\u0161a\u00a0<\/span><span style=\"font-weight: 400;\">Pravila o za\u0161titi privatnosti<\/span><span style=\"font-weight: 400;\">.<\/span><\/p>\n<p><b>Kola\u010di\u0107i tre\u0107e strane<\/b><span style=\"font-weight: 400;\">\u00a0su kola\u010di\u0107i koje postavljaju druga web-mjesta osim onoga kojeg trenuta\u010dno posje\u0107ujete, a koji nam omogu\u0107uju upotrebu personaliziranih oglasa. Ovi se kola\u010di\u0107i upotrebljavaju za pra\u0107enje va\u0161e upotrebe interneta, \u0161to nam omogu\u0107uje prikazivanje oglasa koji su za vas relevantni i zanimljivi.<\/span><\/p>\n<p>&nbsp;<\/p>\n<p><strong>3. <b>Ure\u0111ivanje postavki kola\u010di\u0107a<\/b><\/strong><\/p>\n<p><span style=\"font-weight: 400;\">Mo\u017eete odlu\u010diti \u017eelite li dopustiti da se kola\u010di\u0107i pohranjuju na va\u0161 ure\u0111aj.<\/span><\/p>\n<p><span style=\"font-weight: 400;\">U bilo kojem trenutku mo\u017eete promijeniti postavke kola\u010di\u0107a u odjeljku \u201ePostavke kola\u010di\u0107a\u201d na dnu web-mjesta.<\/span><\/p>\n<p><span style=\"font-weight: 400;\">Kada posjetite na\u0161e web-mjesto, na va\u0161 se ure\u0111aj automatski postavljaju samo neophodni kola\u010di\u0107i i anonimni analiti\u010dki kola\u010di\u0107i, dok se preferencijalni i marketin\u0161ki kola\u010di\u0107i stavljaju na va\u0161 ure\u0111aj samo uz va\u0161u privolu.<\/span><\/p>\n<p><span style=\"font-weight: 400;\">Kako mogu dati svoju privolu?<\/span><\/p>\n<p><span style=\"font-weight: 400;\">Kada prvi put posjetite na\u0161e web-mjesto, otvorit \u0107e se sko\u010dni prozor i mo\u0107i \u0107ete odabrati odgovaraju\u0107e postavke kola\u010di\u0107a. Ako ste ve\u0107 posjetili na\u0161e web-mjesto i potvrdili odabrane kola\u010di\u0107e, ove postavke mo\u017eete promijeniti odlaskom na odjeljak \u201ePostavke kola\u010di\u0107a\u201d pri dnu na\u0161eg web-mjesta. Otvorit \u0107e se novi sko\u010dni prozor i mo\u0107i \u0107ete odabrati postavke kola\u010di\u0107a.<\/span><\/p>\n<p><span style=\"font-weight: 400;\">\u017delimo vas upozoriti da odbijanje upotrebe kola\u010di\u0107a ne\u0107e sprije\u010diti da se na web-mjestu prikazuju oglasi. Broj prikazanih oglasa \u0107e biti isti kao i da ste prihvatili kola\u010di\u0107e. Ako odbijete prihvatiti ogla\u0161iva\u010dke kola\u010di\u0107e, vidjet \u0107ete samo generalizirane oglase, a ne\u0107ete vidjeti oglase prilago\u0111ene va\u0161im \u017eeljama i potrebama.<\/span><\/p>\n<p><span style=\"font-weight: 400;\">Postavke kola\u010di\u0107a se mogu nadzirati i mijenjati i u va\u0161em internetskom pregledniku.<\/span><\/p>\n<p><span style=\"font-weight: 400;\">Za vi\u0161e informacija o postavkama kola\u010di\u0107a odaberite internetski preglednik koji upotrebljavate:<\/span><\/p>\n<ul>\n<li><a href=\"https:\/\/support.google.com\/chrome\/answer\/95647?co=GENIE.Platform=Desktop&amp;hl=en\"><span style=\"font-weight: 400;\">Chrome<\/span><\/a><\/li>\n<li><a href=\"https:\/\/support.mozilla.org\/en-US\/kb\/clear-cookies-and-site-data-firefox\"><span style=\"font-weight: 400;\">Firefox<\/span><\/a><\/li>\n<li><a href=\"https:\/\/support.microsoft.com\/en-us\/help\/17442\/windows-internet-explorer-delete-manage-cookies\"><span style=\"font-weight: 400;\">Internet Explorer<\/span><\/a><\/li>\n<li><a href=\"https:\/\/support.apple.com\/sl-si\/guide\/safari\/sfri11471\/mac\"><span style=\"font-weight: 400;\">Safari<\/span><\/a><\/li>\n<li><a href=\"https:\/\/blogs.opera.com\/news\/2015\/08\/how-to-manage-cookies-in-opera\/\"><span style=\"font-weight: 400;\">Opera<\/span><\/a><\/li>\n<\/ul>\n<p><span style=\"font-weight: 400;\">Ako promijenite ili izbri\u0161ete datoteku kola\u010di\u0107a svojeg preglednika ili promijenite\/nadogradite preglednik ili svoj ure\u0111aj, mo\u017eda \u0107ete morati ponovno onemogu\u0107iti kola\u010di\u0107e. Postupak upravljanja kola\u010di\u0107ima i brisanja ovisi o pregledniku. Ako vam je potrebna pomo\u0107, mo\u017eete pogledati odjeljak \u201eKorisni\u010dka podr\u0161ka\u201d va\u0161eg preglednika.<\/span><\/p>\n<p><span style=\"font-weight: 400;\">Google Analytics mo\u017eete onemogu\u0107iti i na\u00a0<\/span><a href=\"https:\/\/marketingplatform.google.com\/about\/\"><span style=\"font-weight: 400;\">https:\/\/marketingplatform.google.com\/about\/<\/span><\/a><span style=\"font-weight: 400;\">.<\/span><\/p>\n<p><span style=\"font-weight: 400;\">Da biste saznali vi\u0161e o kola\u010di\u0107ima, idite na\u00a0<\/span><a href=\"http:\/\/youronlinechoices.com\/\"><span style=\"font-weight: 400;\">http:\/\/youronlinechoices.com\/<\/span><\/a><span style=\"font-weight: 400;\">.<\/span><\/p>\n<p>&nbsp;<\/p>\n<p><strong>4. <b>Kola\u010di\u0107i koje upotrebljavamo na ovom web-mjestu<\/b><\/strong><\/p>\n<p>&nbsp;<\/p>\n<table>\n<tbody>\n<tr>\n<td><b>NAZIV KOLA\u010cI\u0106A<\/b><\/td>\n<td><b>NAMJENA<\/b><\/td>\n<td><b>TRAJANJE<\/b><\/td>\n<td><b>TVRTKA<\/b><\/td>\n<\/tr>\n<tr>\n<td><b>sb<\/b><\/td>\n<td><b>Rad dodatka<\/b><\/td>\n<td><b>2 godine<\/b><\/td>\n<td><b>Facebook<\/b><\/td>\n<\/tr>\n<tr>\n<td><b>fr<\/b><\/td>\n<td><b>Rad dodatka<\/b><\/td>\n<td><b>3 mjeseca<\/b><\/td>\n<td><b>Facebook<\/b><\/td>\n<\/tr>\n<tr>\n<td><b>xs<\/b><\/td>\n<td><b>Rad dodatka<\/b><\/td>\n<td><b>3 mjeseca<\/b><\/td>\n<td><b>Facebook<\/b><\/td>\n<\/tr>\n<tr>\n<td><b>c_user<\/b><\/td>\n<td><b>Rad dodatka<\/b><\/td>\n<td><b>3 mjeseca<\/b><\/td>\n<td><b>Facebook<\/b><\/td>\n<\/tr>\n<tr>\n<td><b>presence<\/b><\/td>\n<td><b>Rad dodatka<\/b><\/td>\n<td><b>Trajanje sesije<\/b><\/td>\n<td><b>Facebook<\/b><\/td>\n<\/tr>\n<tr>\n<td><b>pl<\/b><\/td>\n<td><b>Rad dodatka<\/b><\/td>\n<td><b>1 mjesec<\/b><\/td>\n<td><b>Facebook<\/b><\/td>\n<\/tr>\n<tr>\n<td><b>wd<\/b><\/td>\n<td><b>Rad dodatka<\/b><\/td>\n<td><b>1 tjedan<\/b><\/td>\n<td><b>Facebook<\/b><\/td>\n<\/tr>\n<tr>\n<td><b>datr<\/b><\/td>\n<td><b>Rad dodatka<\/b><\/td>\n<td><b>3 mjeseca<\/b><\/td>\n<td><b>Facebook<\/b><\/td>\n<\/tr>\n<tr>\n<td><\/td>\n<td><\/td>\n<td><\/td>\n<td><\/td>\n<\/tr>\n<tr>\n<td><b>NAZIV KOLA\u010cI\u0106A<\/b><\/td>\n<td><b>NAMJENA<\/b><\/td>\n<td><b>TRAJANJE<\/b><\/td>\n<td><b>TVRTKA<\/b><\/td>\n<\/tr>\n<tr>\n<td><b>m_pixel_ratio<\/b><\/td>\n<td><b>Rad dodatka<\/b><\/td>\n<td><b>Trajanje sesije<\/b><\/td>\n<td><b>Facebook<\/b><\/td>\n<\/tr>\n<tr>\n<td><b>dpr<\/b><\/td>\n<td><b>Rad dodatka<\/b><\/td>\n<td><b>1 tjedan<\/b><\/td>\n<td><b>Facebook<\/b><\/td>\n<\/tr>\n<tr>\n<td><b>act<\/b><\/td>\n<td><b>Rad dodatka<\/b><\/td>\n<td><b>Trajanje sesije<\/b><\/td>\n<td><b>Facebook<\/b><\/td>\n<\/tr>\n<tr>\n<td><b>_lo_v<\/b><\/td>\n<td><b>Rad dodatka Ghost Monitor<\/b><\/td>\n<td><b>3 mjeseca<\/b><\/td>\n<td><b>Ghost Monitor<\/b><\/td>\n<\/tr>\n<tr>\n<td><b>__cfduid<\/b><\/td>\n<td><b>Rad dodatka Ghost Monitor<\/b><\/td>\n<td><b>1 godina<\/b><\/td>\n<td><b>Ghost Monitor<\/b><\/td>\n<\/tr>\n<tr>\n<td><b>_lo_u<\/b><\/td>\n<td><b>Rad dodatka Ghost Monitor<\/b><\/td>\n<td><b>1 godina<\/b><\/td>\n<td><b>Ghost Monitor<\/b><\/td>\n<\/tr>\n<tr>\n<td><b>_ga<\/b><\/td>\n<td><b>Rad dodatka Ghost Monitor<\/b><\/td>\n<td><b>1 godina<\/b><\/td>\n<td><b>Ghost Monitor<\/b><\/td>\n<\/tr>\n<tr>\n<td><\/td>\n<td><\/td>\n<td><\/td>\n<td><\/td>\n<\/tr>\n<tr>\n<td><b>NAZIV KOLA\u010cI\u0106A<\/b><\/td>\n<td><b>NAMJENA<\/b><\/td>\n<td><b>TRAJANJE<\/b><\/td>\n<td><b>TVRTKA<\/b><\/td>\n<\/tr>\n<tr>\n<td><b>__utma<\/b><\/td>\n<td><b>Statistika posjeta korisnika<\/b><\/td>\n<td><b>2 godine<\/b><\/td>\n<td><b>Google Analytics<\/b><\/td>\n<\/tr>\n<tr>\n<td><b>__utmz<\/b><\/td>\n<td><b>Statistika posjeta korisnika<\/b><\/td>\n<td><b>6 mjeseca<\/b><\/td>\n<td><b>Google Analytics<\/b><\/td>\n<\/tr>\n<tr>\n<td><b>__utmc<\/b><\/td>\n<td><b>Statistika posjeta korisnika<\/b><\/td>\n<td><b>Trajanje sesije<\/b><\/td>\n<td><b>Google Analytics<\/b><\/td>\n<\/tr>\n<tr>\n<td><b>__utmv<\/b><\/td>\n<td><b>Statistika posjeta korisnika<\/b><\/td>\n<td><b>Trajanje sesije<\/b><\/td>\n<td><b>Google Analytics<\/b><\/td>\n<\/tr>\n<tr>\n<td><b>__distillery<\/b><\/td>\n<td><b>Rad videoure\u0111aja<\/b><\/td>\n<td><strong>shopium.eu<\/strong><\/td>\n<td><strong>shopium.eu<\/strong><\/td>\n<\/tr>\n<tr>\n<td><strong>woocommerce_items_in_cart<\/strong><\/td>\n<td><strong>Rad web-mjesta shopium.eu<\/strong><\/td>\n<td><strong>shopium.eu<\/strong><\/td>\n<td><strong>shopium.eu<\/strong><\/td>\n<\/tr>\n<tr>\n<td><strong>__kla_id<\/strong><\/td>\n<td><strong>Rad web-mjesta shopium.eu<\/strong><\/td>\n<td><strong>shopium.eu<\/strong><\/td>\n<td><strong>shopium.eu<\/strong><\/td>\n<\/tr>\n<tr>\n<td><strong>wp_woocommerce_session_<\/strong><\/td>\n<td><strong>Rad web-mjesta shopium.eu<\/strong><\/td>\n<td><strong>shopium.eu<\/strong><\/td>\n<td><strong>shopium.eu<\/strong><\/td>\n<\/tr>\n<\/tbody>\n<\/table>\n<p>&nbsp;<\/p>\n<p><strong>5. <b>Svrhe u koje se na na\u0161em web-mjestu upotrebljavaju kola\u010di\u0107i<\/b><\/strong><\/p>\n<p><span style=\"font-weight: 400;\">Na na\u0161em web-mjestu kola\u010di\u0107i se upotrebljavaju u sljede\u0107e svrhe:<\/span><\/p>\n<ul>\n<li style=\"font-weight: 400;\"><span style=\"font-weight: 400;\">prepoznavanje posjetitelja tijekom njihovog sljede\u0107eg posjeta,<\/span><\/li>\n<li style=\"font-weight: 400;\"><span style=\"font-weight: 400;\">\u010duvanje ocjena proizvoda koje pru\u017eite,<\/span><\/li>\n<li style=\"font-weight: 400;\"><span style=\"font-weight: 400;\">analiza web-mjesta,<\/span><\/li>\n<li style=\"font-weight: 400;\"><span style=\"font-weight: 400;\">pru\u017eanje sigurnosti web-mjesta,<\/span><\/li>\n<li style=\"font-weight: 400;\"><span style=\"font-weight: 400;\">pra\u0107enje i o\u010duvanje sadr\u017eaja va\u0161e ko\u0161arice (kola\u010di\u0107 sesije),<\/span><\/li>\n<li style=\"font-weight: 400;\"><span style=\"font-weight: 400;\">kola\u010di\u0107 za slanje poruke o nedovr\u0161enoj kupnji,<\/span><\/li>\n<li style=\"font-weight: 400;\"><span style=\"font-weight: 400;\">rad video sadr\u017eaja,<\/span><\/li>\n<li style=\"font-weight: 400;\"><span style=\"font-weight: 400;\">rad funkcije \u010davrljanja na web-mjestu i<\/span><\/li>\n<li style=\"font-weight: 400;\"><span style=\"font-weight: 400;\">ogla\u0161avanje.<\/span><\/li>\n<\/ul>\n<p>&nbsp;<\/p>\n<p><strong>6. <b>Va\u0161a prava u vezi s obradom osobnih podataka s pomo\u0107u kola\u010di\u0107a<\/b><\/strong><\/p>\n<p><span style=\"font-weight: 400;\">Uz ure\u0111ivanje postavki kola\u010di\u0107a kako je gore opisano, imate i mogu\u0107nost ostvarivanja svojih prava koja se odnose na obradu osobnih podataka. Ta su prava detaljno opisana u na\u0161im Pravilima o za\u0161titi privatnosti.<\/span><\/p>\n<p>&nbsp;<\/p>\n<p><strong>7. <b>Izmjene i kontakt<\/b><\/strong><\/p>\n<p><span style=\"font-weight: 400;\">Ova Pravila o kola\u010di\u0107ima mogu se izmijeniti u bilo kojem trenutku. A\u017eurirana verzija bit \u0107e objavljena na:\u00a0<\/span> <span style=\"font-weight: 400;\">www.shopium.eu\/hr<\/span><span style=\"font-weight: 400;\">.<\/span><\/p>\n<p><span style=\"font-weight: 400;\">U slu\u010daju pitanja ili ako trebate vi\u0161e informacija o kola\u010di\u0107ima ili obradi osobnih podataka, obratite nam se na\u00a0 <\/span><a href=\"about:blank\"><span style=\"font-weight: 400;\">hr.office@ecommer.info<\/span><span style=\"font-weight: 400;\">.<\/span><\/a><\/p>\n<p>&nbsp;<\/p>\n<p><b>ECTCEU d.o.o.\u00a0 \u00a0 Gmajnica 73b \/ SI-1218 Komenda <\/b><span style=\"font-weight: 400;\">\/\u00a0<\/span><span style=\"font-weight: 400;\">Slovenija\u00a0<\/span><span style=\"font-weight: 400;\">\/\u00a0<\/span><span style=\"font-weight: 400;\">hr.office@ecommer.info<\/span><\/p>\n<p><span style=\"font-weight: 400;\">Tijelo za registraciju: Okru\u017eni sud u Ljubljani\u00a0<\/span><span style=\"font-weight: 400;\">\/<\/span><span style=\"font-weight: 400;\">\u00a0Temeljni kapital: 7 500 EUR\u00a0<\/span><span style=\"font-weight: 400;\">\/<\/span><span style=\"font-weight: 400;\">\u00a0IBAN SI56 1010 0005 7929 365\u00a0 <\/span><span style=\"font-weight: 400;\">\/<\/span><span style=\"font-weight: 400;\">\u00a0PDV ID: 37400223\u00a0<\/span><span style=\"font-weight: 400;\">\/<\/span><span style=\"font-weight: 400;\">\u00a0Mati\u010dni broj tvrtke: 8477493000<\/span><\/p>\n","protected":false},"excerpt":{"rendered":"<p>Tvrtka ECTCEU d.o.o. po\u0161tuje i \u0161titi va\u0161u privatnost. U nastavku se nalaze detaljnije informacije o na\u010dinu na koji postupamo s va\u0161im osobnim podacima. U ovim se Pravilima o kola\u010di\u0107ima opisuje obrada podataka prikupljenih upotrebom kola\u010di\u0107a i sli\u010dnih tehnologija. Ova su pravila pripremljena u skladu s Op\u0107om uredbom o za\u0161titi podataka Europske unije (GDPR) i va\u017ee\u0107im &hellip; <a href=\"https:\/\/non-stopshop.eu\/hr\/politika-upotrebe-kolacica\/\">Continued<\/a><\/p>\n","protected":false},"author":4,"featured_media":0,"parent":0,"menu_order":0,"comment_status":"closed","ping_status":"closed","template":"","meta":{"inline_featured_image":false,"footnotes":""},"class_list":["post-1044","page","type-page","status-publish","hentry"],"acf":[],"_links":{"self":[{"href":"https:\/\/non-stopshop.eu\/hr\/wp-json\/wp\/v2\/pages\/1044","targetHints":{"allow":["GET"]}}],"collection":[{"href":"https:\/\/non-stopshop.eu\/hr\/wp-json\/wp\/v2\/pages"}],"about":[{"href":"https:\/\/non-stopshop.eu\/hr\/wp-json\/wp\/v2\/types\/page"}],"author":[{"embeddable":true,"href":"https:\/\/non-stopshop.eu\/hr\/wp-json\/wp\/v2\/users\/4"}],"replies":[{"embeddable":true,"href":"https:\/\/non-stopshop.eu\/hr\/wp-json\/wp\/v2\/comments?post=1044"}],"version-history":[{"count":1,"href":"https:\/\/non-stopshop.eu\/hr\/wp-json\/wp\/v2\/pages\/1044\/revisions"}],"predecessor-version":[{"id":1046,"href":"https:\/\/non-stopshop.eu\/hr\/wp-json\/wp\/v2\/pages\/1044\/revisions\/1046"}],"wp:attachment":[{"href":"https:\/\/non-stopshop.eu\/hr\/wp-json\/wp\/v2\/media?parent=1044"}],"curies":[{"name":"wp","href":"https:\/\/api.w.org\/{rel}","templated":true}]}}