{"id":98,"date":"2020-10-28T10:57:05","date_gmt":"2020-10-28T10:57:05","guid":{"rendered":"https:\/\/shopium.eu\/rs\/?page_id=98"},"modified":"2021-01-11T12:41:58","modified_gmt":"2021-01-11T11:41:58","slug":"opcije-placanja","status":"publish","type":"page","link":"https:\/\/non-stopshop.eu\/hr\/opcije-placanja\/","title":{"rendered":"Dostava i opcije pla\u0107anja"},"content":{"rendered":"<p>Dostava<\/p>\n<p>Svi proizvodi koji su izlo\u017eeni na na\u0161oj internet stranici se tako\u0111er nalaze na na\u0161em stanju zaliha. Kupac je prilikom kupnje du\u017ean platiti tro\u0161kove slanja po prijemu robe, osim naru\u010divanja pojedinih proizvoda, na kojima je naznaka: \u201epo\u0161tarina je ura\u010dunata u cjenu\u201c ili \u201ebesplatna dostava\u201c. Za dostavu narud\u017ebi koristimo GLS i Packeta usluge dostave. Sa svim navedenim kurirskim slu\u017ebama imamo potpisan ugovor o poslovnoj saradnji. Rok isporuke naru\u010denih proizvoda traje od 2 do 4 radnih dana(zbog situacije COVID-19, postoji mogu\u0107nost produ\u017eenja roka isporuke). Naru\u010deni proizvodi se dostavljaju na adresu koju ste naveli kao adresu za dostavu.<\/p>\n<p>&nbsp;<\/p>\n<p>Pra\u0107enje po\u0161iljke<\/p>\n<p>Va\u0161u po\u0161iljku mo\u017eete pratiti putem ovog linka: <a href=\"https:\/\/tracking.packeta.com\/hr\/tracking\/search\">https:\/\/tracking.packeta.com\/hr\/tracking\/search<\/a><\/p>\n<p>&nbsp;<\/p>\n<p>Pla\u0107anje<\/p>\n<p>Nudimo Vam nekoliko opcije za pla\u0107anje. Proizvod mo\u017eete platiti putem PayPal-a, kreditnom karticom ili pla\u0107anje pouze\u0107em.<\/p>\n","protected":false},"excerpt":{"rendered":"<p>Dostava Svi proizvodi koji su izlo\u017eeni na na\u0161oj internet stranici se tako\u0111er nalaze na na\u0161em stanju zaliha. Kupac je prilikom kupnje du\u017ean platiti tro\u0161kove slanja po prijemu robe, osim naru\u010divanja pojedinih proizvoda, na kojima je naznaka: \u201epo\u0161tarina je ura\u010dunata u cjenu\u201c ili \u201ebesplatna dostava\u201c. Za dostavu narud\u017ebi koristimo GLS i Packeta usluge dostave. Sa svim &hellip; <a href=\"https:\/\/non-stopshop.eu\/hr\/opcije-placanja\/\">Continued<\/a><\/p>\n","protected":false},"author":1,"featured_media":0,"parent":0,"menu_order":0,"comment_status":"closed","ping_status":"closed","template":"","meta":{"inline_featured_image":false,"footnotes":""},"class_list":["post-98","page","type-page","status-publish","hentry"],"acf":[],"_links":{"self":[{"href":"https:\/\/non-stopshop.eu\/hr\/wp-json\/wp\/v2\/pages\/98","targetHints":{"allow":["GET"]}}],"collection":[{"href":"https:\/\/non-stopshop.eu\/hr\/wp-json\/wp\/v2\/pages"}],"about":[{"href":"https:\/\/non-stopshop.eu\/hr\/wp-json\/wp\/v2\/types\/page"}],"author":[{"embeddable":true,"href":"https:\/\/non-stopshop.eu\/hr\/wp-json\/wp\/v2\/users\/1"}],"replies":[{"embeddable":true,"href":"https:\/\/non-stopshop.eu\/hr\/wp-json\/wp\/v2\/comments?post=98"}],"version-history":[{"count":9,"href":"https:\/\/non-stopshop.eu\/hr\/wp-json\/wp\/v2\/pages\/98\/revisions"}],"predecessor-version":[{"id":1168,"href":"https:\/\/non-stopshop.eu\/hr\/wp-json\/wp\/v2\/pages\/98\/revisions\/1168"}],"wp:attachment":[{"href":"https:\/\/non-stopshop.eu\/hr\/wp-json\/wp\/v2\/media?parent=98"}],"curies":[{"name":"wp","href":"https:\/\/api.w.org\/{rel}","templated":true}]}}