{"id":2170,"date":"2021-02-12T09:50:41","date_gmt":"2021-02-12T08:50:41","guid":{"rendered":"https:\/\/shopium.eu\/hr\/?post_type=product&#038;p=2170"},"modified":"2023-01-03T12:31:04","modified_gmt":"2023-01-03T11:31:04","slug":"paintstripper","status":"publish","type":"product","link":"https:\/\/non-stopshop.eu\/hr\/proizvod\/paintstripper\/","title":{"rendered":"Te\u010dnost za skidanje boje &#8211; PaintStripper"},"content":{"rendered":"","protected":false},"excerpt":{"rendered":"<p>Ultra efikasan odstranjiva\u010d boje koji radi na razli\u010ditim povr\u0161inama \u0107e vas odu\u0161eviti svojom brzinom otapanja boje u samo 10 min i \u0161irokim spektrom primjene. Koli\u010dina u boci je dovoljna za 3 m2 povr\u0161ine.<\/p>\n","protected":false},"featured_media":2255,"comment_status":"closed","ping_status":"closed","template":"","meta":{"inline_featured_image":false},"product_brand":[],"product_cat":[15,27],"product_tag":[],"class_list":{"0":"post-2170","1":"product","2":"type-product","3":"status-publish","4":"has-post-thumbnail","6":"product_cat-uncategorized","7":"product_cat-home","9":"first","10":"instock","11":"sale","12":"taxable","13":"shipping-taxable","14":"purchasable","15":"product-type-simple"},"acf":[],"_links":{"self":[{"href":"https:\/\/non-stopshop.eu\/hr\/wp-json\/wp\/v2\/product\/2170","targetHints":{"allow":["GET"]}}],"collection":[{"href":"https:\/\/non-stopshop.eu\/hr\/wp-json\/wp\/v2\/product"}],"about":[{"href":"https:\/\/non-stopshop.eu\/hr\/wp-json\/wp\/v2\/types\/product"}],"replies":[{"embeddable":true,"href":"https:\/\/non-stopshop.eu\/hr\/wp-json\/wp\/v2\/comments?post=2170"}],"wp:featuredmedia":[{"embeddable":true,"href":"https:\/\/non-stopshop.eu\/hr\/wp-json\/wp\/v2\/media\/2255"}],"wp:attachment":[{"href":"https:\/\/non-stopshop.eu\/hr\/wp-json\/wp\/v2\/media?parent=2170"}],"wp:term":[{"taxonomy":"product_brand","embeddable":true,"href":"https:\/\/non-stopshop.eu\/hr\/wp-json\/wp\/v2\/product_brand?post=2170"},{"taxonomy":"product_cat","embeddable":true,"href":"https:\/\/non-stopshop.eu\/hr\/wp-json\/wp\/v2\/product_cat?post=2170"},{"taxonomy":"product_tag","embeddable":true,"href":"https:\/\/non-stopshop.eu\/hr\/wp-json\/wp\/v2\/product_tag?post=2170"}],"curies":[{"name":"wp","href":"https:\/\/api.w.org\/{rel}","templated":true}]}}