{"id":2230,"date":"2021-02-17T08:57:44","date_gmt":"2021-02-17T07:57:44","guid":{"rendered":"https:\/\/shopium.eu\/hr\/?post_type=product&#038;p=2230"},"modified":"2023-01-03T14:14:42","modified_gmt":"2023-01-03T13:14:42","slug":"tecna-izolacijska-traka-flextape","status":"publish","type":"product","link":"https:\/\/non-stopshop.eu\/hr\/proizvod\/tecna-izolacijska-traka-flextape\/","title":{"rendered":"Te\u010dna izolacijska traka &#8211; FlexTape"},"content":{"rendered":"<p>Savr\u0161eno rje\u0161enje za izolaciju svih elektri\u010dnih spojeva sa ovom ultra prakti\u010dnom i sigurnom izolacijskom te\u010dno\u0161\u0107u u\u010dini\u0107e sve spojeve potpuno sigurnim bez spadanja kao sa klasi\u010dnim trakama za izolaciju.<\/p>\n","protected":false},"excerpt":{"rendered":"<p>Savr\u0161eno rje\u0161enje za izolaciju svih elektri\u010dnih spojeva sa ovom ultra prakti\u010dnom i sigurnom izolacijskom te\u010dno\u0161\u0107u u\u010dini\u0107e sve spojeve potpuno sigurnim bez spadanja kao sa klasi\u010dnim trakama za izolaciju.<\/p>\n","protected":false},"featured_media":718,"comment_status":"closed","ping_status":"closed","template":"","meta":{"inline_featured_image":false},"product_brand":[],"product_cat":[15],"product_tag":[],"class_list":{"0":"post-2230","1":"product","2":"type-product","3":"status-publish","4":"has-post-thumbnail","6":"product_cat-uncategorized","8":"first","9":"instock","10":"sale","11":"taxable","12":"shipping-taxable","13":"purchasable","14":"product-type-simple"},"acf":[],"_links":{"self":[{"href":"https:\/\/non-stopshop.eu\/hr\/wp-json\/wp\/v2\/product\/2230","targetHints":{"allow":["GET"]}}],"collection":[{"href":"https:\/\/non-stopshop.eu\/hr\/wp-json\/wp\/v2\/product"}],"about":[{"href":"https:\/\/non-stopshop.eu\/hr\/wp-json\/wp\/v2\/types\/product"}],"replies":[{"embeddable":true,"href":"https:\/\/non-stopshop.eu\/hr\/wp-json\/wp\/v2\/comments?post=2230"}],"wp:featuredmedia":[{"embeddable":true,"href":"https:\/\/non-stopshop.eu\/hr\/wp-json\/wp\/v2\/media\/718"}],"wp:attachment":[{"href":"https:\/\/non-stopshop.eu\/hr\/wp-json\/wp\/v2\/media?parent=2230"}],"wp:term":[{"taxonomy":"product_brand","embeddable":true,"href":"https:\/\/non-stopshop.eu\/hr\/wp-json\/wp\/v2\/product_brand?post=2230"},{"taxonomy":"product_cat","embeddable":true,"href":"https:\/\/non-stopshop.eu\/hr\/wp-json\/wp\/v2\/product_cat?post=2230"},{"taxonomy":"product_tag","embeddable":true,"href":"https:\/\/non-stopshop.eu\/hr\/wp-json\/wp\/v2\/product_tag?post=2230"}],"curies":[{"name":"wp","href":"https:\/\/api.w.org\/{rel}","templated":true}]}}