{"id":2234,"date":"2021-02-17T11:22:32","date_gmt":"2021-02-17T10:22:32","guid":{"rendered":"https:\/\/shopium.eu\/hr\/?post_type=product&#038;p=2234"},"modified":"2023-01-04T14:13:33","modified_gmt":"2023-01-04T13:13:33","slug":"sealerpaste-159","status":"publish","type":"product","link":"https:\/\/non-stopshop.eu\/hr\/proizvod\/sealerpaste-159\/","title":{"rendered":"Pasta za izolaciju &#8211; SealerPaste"},"content":{"rendered":"","protected":false},"excerpt":{"rendered":"<p>Savr\u0161ena vodonepropustljiva magi\u010dna pasta predstavlja\u0107e sna\u017enog izolatora primjenjivog na svim povr\u0161inama u va\u0161em domu, pa \u010dak i na mokrim povr\u0161inama. Pri tom nema neugodnih mirisa i ima pigmente protiv \u017eutih fleka.<\/p>\n","protected":false},"featured_media":439,"comment_status":"closed","ping_status":"closed","template":"","meta":{"inline_featured_image":false},"product_brand":[],"product_cat":[15,27],"product_tag":[],"class_list":{"0":"post-2234","1":"product","2":"type-product","3":"status-publish","4":"has-post-thumbnail","6":"product_cat-uncategorized","7":"product_cat-home","9":"first","10":"instock","11":"sale","12":"taxable","13":"shipping-taxable","14":"purchasable","15":"product-type-simple"},"acf":[],"_links":{"self":[{"href":"https:\/\/non-stopshop.eu\/hr\/wp-json\/wp\/v2\/product\/2234","targetHints":{"allow":["GET"]}}],"collection":[{"href":"https:\/\/non-stopshop.eu\/hr\/wp-json\/wp\/v2\/product"}],"about":[{"href":"https:\/\/non-stopshop.eu\/hr\/wp-json\/wp\/v2\/types\/product"}],"replies":[{"embeddable":true,"href":"https:\/\/non-stopshop.eu\/hr\/wp-json\/wp\/v2\/comments?post=2234"}],"wp:featuredmedia":[{"embeddable":true,"href":"https:\/\/non-stopshop.eu\/hr\/wp-json\/wp\/v2\/media\/439"}],"wp:attachment":[{"href":"https:\/\/non-stopshop.eu\/hr\/wp-json\/wp\/v2\/media?parent=2234"}],"wp:term":[{"taxonomy":"product_brand","embeddable":true,"href":"https:\/\/non-stopshop.eu\/hr\/wp-json\/wp\/v2\/product_brand?post=2234"},{"taxonomy":"product_cat","embeddable":true,"href":"https:\/\/non-stopshop.eu\/hr\/wp-json\/wp\/v2\/product_cat?post=2234"},{"taxonomy":"product_tag","embeddable":true,"href":"https:\/\/non-stopshop.eu\/hr\/wp-json\/wp\/v2\/product_tag?post=2234"}],"curies":[{"name":"wp","href":"https:\/\/api.w.org\/{rel}","templated":true}]}}