{"id":2841,"date":"2021-03-22T10:54:44","date_gmt":"2021-03-22T09:54:44","guid":{"rendered":"https:\/\/shopium.eu\/hr\/?post_type=product&#038;p=2841"},"modified":"2023-01-03T12:57:32","modified_gmt":"2023-01-03T11:57:32","slug":"realisticna-elektricna-igracka-riba-fishtoy","status":"publish","type":"product","link":"https:\/\/non-stopshop.eu\/hr\/proizvod\/realisticna-elektricna-igracka-riba-fishtoy\/","title":{"rendered":"Realisti\u010dna elektri\u010dna igra\u010dka riba &#8211; Fishtoy"},"content":{"rendered":"","protected":false},"excerpt":{"rendered":"<p>Neobi\u010dna igra\u010dka koja se vizualno uop\u0107e ne razlikuje od stvarne ribe jer \u0107e da se pomjera i prati pokrete va\u0161eg ljubimca.<\/p>\n","protected":false},"featured_media":2824,"comment_status":"closed","ping_status":"closed","template":"","meta":{"inline_featured_image":false},"product_brand":[],"product_cat":[15,27,35],"product_tag":[],"class_list":{"0":"post-2841","1":"product","2":"type-product","3":"status-publish","4":"has-post-thumbnail","6":"product_cat-uncategorized","7":"product_cat-home","8":"product_cat-fun","10":"first","11":"instock","12":"sale","13":"taxable","14":"shipping-taxable","15":"purchasable","16":"product-type-simple"},"acf":[],"_links":{"self":[{"href":"https:\/\/non-stopshop.eu\/hr\/wp-json\/wp\/v2\/product\/2841","targetHints":{"allow":["GET"]}}],"collection":[{"href":"https:\/\/non-stopshop.eu\/hr\/wp-json\/wp\/v2\/product"}],"about":[{"href":"https:\/\/non-stopshop.eu\/hr\/wp-json\/wp\/v2\/types\/product"}],"replies":[{"embeddable":true,"href":"https:\/\/non-stopshop.eu\/hr\/wp-json\/wp\/v2\/comments?post=2841"}],"wp:featuredmedia":[{"embeddable":true,"href":"https:\/\/non-stopshop.eu\/hr\/wp-json\/wp\/v2\/media\/2824"}],"wp:attachment":[{"href":"https:\/\/non-stopshop.eu\/hr\/wp-json\/wp\/v2\/media?parent=2841"}],"wp:term":[{"taxonomy":"product_brand","embeddable":true,"href":"https:\/\/non-stopshop.eu\/hr\/wp-json\/wp\/v2\/product_brand?post=2841"},{"taxonomy":"product_cat","embeddable":true,"href":"https:\/\/non-stopshop.eu\/hr\/wp-json\/wp\/v2\/product_cat?post=2841"},{"taxonomy":"product_tag","embeddable":true,"href":"https:\/\/non-stopshop.eu\/hr\/wp-json\/wp\/v2\/product_tag?post=2841"}],"curies":[{"name":"wp","href":"https:\/\/api.w.org\/{rel}","templated":true}]}}