{"id":2996,"date":"2021-03-29T10:02:34","date_gmt":"2021-03-29T08:02:34","guid":{"rendered":"https:\/\/shopium.eu\/hr\/?post_type=product&#038;p=2996"},"modified":"2023-01-03T12:13:46","modified_gmt":"2023-01-03T11:13:46","slug":"magnet-fishag","status":"publish","type":"product","link":"https:\/\/non-stopshop.eu\/hr\/proizvod\/magnet-fishag\/","title":{"rendered":"Magnet &#8211; Fishag"},"content":{"rendered":"","protected":false},"excerpt":{"rendered":"<p>Lagan i kompaktan napravljen od najkvalitetnijih metala \u010dini ovaj magnet revolucionarnim proizvodom i najboljim za pronalazak izgubljenih metalnih predmeta. Slu\u017ei i kao lov na blago u reci ili moru, nikad ne znate \u0161ta biste mogli da prona\u0111ete!<\/p>\n","protected":false},"featured_media":3000,"comment_status":"closed","ping_status":"closed","template":"","meta":{"inline_featured_image":false},"product_brand":[],"product_cat":[15,27,35],"product_tag":[],"class_list":{"0":"post-2996","1":"product","2":"type-product","3":"status-publish","4":"has-post-thumbnail","6":"product_cat-uncategorized","7":"product_cat-home","8":"product_cat-fun","10":"first","11":"instock","12":"sale","13":"taxable","14":"shipping-taxable","15":"purchasable","16":"product-type-simple"},"acf":[],"_links":{"self":[{"href":"https:\/\/non-stopshop.eu\/hr\/wp-json\/wp\/v2\/product\/2996","targetHints":{"allow":["GET"]}}],"collection":[{"href":"https:\/\/non-stopshop.eu\/hr\/wp-json\/wp\/v2\/product"}],"about":[{"href":"https:\/\/non-stopshop.eu\/hr\/wp-json\/wp\/v2\/types\/product"}],"replies":[{"embeddable":true,"href":"https:\/\/non-stopshop.eu\/hr\/wp-json\/wp\/v2\/comments?post=2996"}],"wp:featuredmedia":[{"embeddable":true,"href":"https:\/\/non-stopshop.eu\/hr\/wp-json\/wp\/v2\/media\/3000"}],"wp:attachment":[{"href":"https:\/\/non-stopshop.eu\/hr\/wp-json\/wp\/v2\/media?parent=2996"}],"wp:term":[{"taxonomy":"product_brand","embeddable":true,"href":"https:\/\/non-stopshop.eu\/hr\/wp-json\/wp\/v2\/product_brand?post=2996"},{"taxonomy":"product_cat","embeddable":true,"href":"https:\/\/non-stopshop.eu\/hr\/wp-json\/wp\/v2\/product_cat?post=2996"},{"taxonomy":"product_tag","embeddable":true,"href":"https:\/\/non-stopshop.eu\/hr\/wp-json\/wp\/v2\/product_tag?post=2996"}],"curies":[{"name":"wp","href":"https:\/\/api.w.org\/{rel}","templated":true}]}}