{"id":3137,"date":"2021-04-09T15:06:21","date_gmt":"2021-04-09T13:06:21","guid":{"rendered":"https:\/\/shopium.eu\/hr\/?post_type=product&#038;p=3137"},"modified":"2023-01-03T11:35:58","modified_gmt":"2023-01-03T10:35:58","slug":"prskalica-vode-pod-visokim-pritiskom-jetgun","status":"publish","type":"product","link":"https:\/\/non-stopshop.eu\/hr\/proizvod\/prskalica-vode-pod-visokim-pritiskom-jetgun\/","title":{"rendered":"Prskalica vode pod visokim pritiskom &#8211; JetGun"},"content":{"rendered":"","protected":false},"excerpt":{"rendered":"<p>Ne morate se vi\u0161e mu\u010diti oko \u010di\u0161\u0107enja doma\u0107instva ili pranja automobila! Uz ovaj proizvod sve to mo\u017eete uraditi brzo i bez muke.<\/p>\n","protected":false},"featured_media":3141,"comment_status":"closed","ping_status":"closed","template":"","meta":{"inline_featured_image":false},"product_brand":[],"product_cat":[15,25,27],"product_tag":[],"class_list":{"0":"post-3137","1":"product","2":"type-product","3":"status-publish","4":"has-post-thumbnail","6":"product_cat-uncategorized","7":"product_cat-car","8":"product_cat-home","10":"first","11":"instock","12":"sale","13":"taxable","14":"shipping-taxable","15":"purchasable","16":"product-type-simple"},"acf":[],"_links":{"self":[{"href":"https:\/\/non-stopshop.eu\/hr\/wp-json\/wp\/v2\/product\/3137","targetHints":{"allow":["GET"]}}],"collection":[{"href":"https:\/\/non-stopshop.eu\/hr\/wp-json\/wp\/v2\/product"}],"about":[{"href":"https:\/\/non-stopshop.eu\/hr\/wp-json\/wp\/v2\/types\/product"}],"replies":[{"embeddable":true,"href":"https:\/\/non-stopshop.eu\/hr\/wp-json\/wp\/v2\/comments?post=3137"}],"wp:featuredmedia":[{"embeddable":true,"href":"https:\/\/non-stopshop.eu\/hr\/wp-json\/wp\/v2\/media\/3141"}],"wp:attachment":[{"href":"https:\/\/non-stopshop.eu\/hr\/wp-json\/wp\/v2\/media?parent=3137"}],"wp:term":[{"taxonomy":"product_brand","embeddable":true,"href":"https:\/\/non-stopshop.eu\/hr\/wp-json\/wp\/v2\/product_brand?post=3137"},{"taxonomy":"product_cat","embeddable":true,"href":"https:\/\/non-stopshop.eu\/hr\/wp-json\/wp\/v2\/product_cat?post=3137"},{"taxonomy":"product_tag","embeddable":true,"href":"https:\/\/non-stopshop.eu\/hr\/wp-json\/wp\/v2\/product_tag?post=3137"}],"curies":[{"name":"wp","href":"https:\/\/api.w.org\/{rel}","templated":true}]}}