{"id":320,"date":"2020-12-01T10:25:37","date_gmt":"2020-12-01T09:25:37","guid":{"rendered":"https:\/\/shopium.eu\/rs\/?post_type=product&#038;p=320"},"modified":"2023-01-03T12:25:22","modified_gmt":"2023-01-03T11:25:22","slug":"profesionalni-prenosni-zatvarac-kesa-sealant","status":"publish","type":"product","link":"https:\/\/non-stopshop.eu\/hr\/proizvod\/profesionalni-prenosni-zatvarac-kesa-sealant\/","title":{"rendered":"Profesionalni prenosni zatvara\u010d kesa &#8211; Sealant"},"content":{"rendered":"","protected":false},"excerpt":{"rendered":"<p>Sa\u010duvajte kvalitet i svje\u017einu va\u0161ih namirnica sa ovim mini prenosnim toplotnim zatvara\u010dem kesa i sa\u010duvajte kvalitet i svje\u017einu va\u0161ih namirnica u potpunosti potpuno jednostavno uz maksimalnu u\u010dinkovitost.<\/p>\n","protected":false},"featured_media":326,"comment_status":"closed","ping_status":"closed","template":"","meta":{"inline_featured_image":false},"product_brand":[],"product_cat":[15,27],"product_tag":[],"class_list":{"0":"post-320","1":"product","2":"type-product","3":"status-publish","4":"has-post-thumbnail","6":"product_cat-uncategorized","7":"product_cat-home","9":"first","10":"instock","11":"sale","12":"taxable","13":"shipping-taxable","14":"purchasable","15":"product-type-simple"},"acf":[],"_links":{"self":[{"href":"https:\/\/non-stopshop.eu\/hr\/wp-json\/wp\/v2\/product\/320","targetHints":{"allow":["GET"]}}],"collection":[{"href":"https:\/\/non-stopshop.eu\/hr\/wp-json\/wp\/v2\/product"}],"about":[{"href":"https:\/\/non-stopshop.eu\/hr\/wp-json\/wp\/v2\/types\/product"}],"replies":[{"embeddable":true,"href":"https:\/\/non-stopshop.eu\/hr\/wp-json\/wp\/v2\/comments?post=320"}],"wp:featuredmedia":[{"embeddable":true,"href":"https:\/\/non-stopshop.eu\/hr\/wp-json\/wp\/v2\/media\/326"}],"wp:attachment":[{"href":"https:\/\/non-stopshop.eu\/hr\/wp-json\/wp\/v2\/media?parent=320"}],"wp:term":[{"taxonomy":"product_brand","embeddable":true,"href":"https:\/\/non-stopshop.eu\/hr\/wp-json\/wp\/v2\/product_brand?post=320"},{"taxonomy":"product_cat","embeddable":true,"href":"https:\/\/non-stopshop.eu\/hr\/wp-json\/wp\/v2\/product_cat?post=320"},{"taxonomy":"product_tag","embeddable":true,"href":"https:\/\/non-stopshop.eu\/hr\/wp-json\/wp\/v2\/product_tag?post=320"}],"curies":[{"name":"wp","href":"https:\/\/api.w.org\/{rel}","templated":true}]}}