{"id":3329,"date":"2021-10-15T13:48:35","date_gmt":"2021-10-15T11:48:35","guid":{"rendered":"https:\/\/cartium.eu\/hr\/?post_type=product&#038;p=3329"},"modified":"2023-01-03T12:51:17","modified_gmt":"2023-01-03T11:51:17","slug":"avion-katapult-glideplane","status":"publish","type":"product","link":"https:\/\/non-stopshop.eu\/hr\/proizvod\/avion-katapult-glideplane\/","title":{"rendered":"Avion katapult &#8211; GlidePlane"},"content":{"rendered":"","protected":false},"excerpt":{"rendered":"<p>Super zanimljiva i sigurna igra\u010dka za sve de\u010dije uzraste upotpuni\u0107e zabavu i dovesti do usijanja takmi\u010darski duh va\u0161e dece u ispaljivanju spu\u017evenih aviona iz ovog pi\u0161tolj katapulta. Glidery najbolji vid zabave.<\/p>\n","protected":false},"featured_media":3336,"comment_status":"closed","ping_status":"closed","template":"","meta":{"inline_featured_image":false},"product_brand":[],"product_cat":[15,35],"product_tag":[],"class_list":{"0":"post-3329","1":"product","2":"type-product","3":"status-publish","4":"has-post-thumbnail","6":"product_cat-uncategorized","7":"product_cat-fun","9":"first","10":"instock","11":"sale","12":"taxable","13":"shipping-taxable","14":"purchasable","15":"product-type-simple"},"acf":[],"_links":{"self":[{"href":"https:\/\/non-stopshop.eu\/hr\/wp-json\/wp\/v2\/product\/3329","targetHints":{"allow":["GET"]}}],"collection":[{"href":"https:\/\/non-stopshop.eu\/hr\/wp-json\/wp\/v2\/product"}],"about":[{"href":"https:\/\/non-stopshop.eu\/hr\/wp-json\/wp\/v2\/types\/product"}],"replies":[{"embeddable":true,"href":"https:\/\/non-stopshop.eu\/hr\/wp-json\/wp\/v2\/comments?post=3329"}],"wp:featuredmedia":[{"embeddable":true,"href":"https:\/\/non-stopshop.eu\/hr\/wp-json\/wp\/v2\/media\/3336"}],"wp:attachment":[{"href":"https:\/\/non-stopshop.eu\/hr\/wp-json\/wp\/v2\/media?parent=3329"}],"wp:term":[{"taxonomy":"product_brand","embeddable":true,"href":"https:\/\/non-stopshop.eu\/hr\/wp-json\/wp\/v2\/product_brand?post=3329"},{"taxonomy":"product_cat","embeddable":true,"href":"https:\/\/non-stopshop.eu\/hr\/wp-json\/wp\/v2\/product_cat?post=3329"},{"taxonomy":"product_tag","embeddable":true,"href":"https:\/\/non-stopshop.eu\/hr\/wp-json\/wp\/v2\/product_tag?post=3329"}],"curies":[{"name":"wp","href":"https:\/\/api.w.org\/{rel}","templated":true}]}}