{"id":3346,"date":"2021-10-15T13:57:15","date_gmt":"2021-10-15T11:57:15","guid":{"rendered":"https:\/\/cartium.eu\/hr\/?post_type=product&#038;p=3346"},"modified":"2023-01-10T10:23:39","modified_gmt":"2023-01-10T09:23:39","slug":"11-gratis-silikonska-cetka-za-wc-scrubbrush","status":"publish","type":"product","link":"https:\/\/non-stopshop.eu\/hr\/proizvod\/11-gratis-silikonska-cetka-za-wc-scrubbrush\/","title":{"rendered":"1+1 GRATIS Silikonska \u010detka za wc &#8211; ScrubBrush"},"content":{"rendered":"","protected":false},"excerpt":{"rendered":"<p>Efikasno i brzo \u010di\u0161\u0107enje va\u0161e wc \u0161koljke sa inovativnom silikonskom \u010detkom sa kojom \u0107ete da zaboravite stare i neugledne \u010detke i omogu\u0107iti si \u010disto\u0107u na zavidnom nivou.<\/p>\n","protected":false},"featured_media":3354,"comment_status":"closed","ping_status":"closed","template":"","meta":{"inline_featured_image":false},"product_brand":[],"product_cat":[15,27,24],"product_tag":[],"class_list":{"0":"post-3346","1":"product","2":"type-product","3":"status-publish","4":"has-post-thumbnail","6":"product_cat-uncategorized","7":"product_cat-home","8":"product_cat-sale","10":"first","11":"instock","12":"sale","13":"taxable","14":"shipping-taxable","15":"purchasable","16":"product-type-simple"},"acf":[],"_links":{"self":[{"href":"https:\/\/non-stopshop.eu\/hr\/wp-json\/wp\/v2\/product\/3346","targetHints":{"allow":["GET"]}}],"collection":[{"href":"https:\/\/non-stopshop.eu\/hr\/wp-json\/wp\/v2\/product"}],"about":[{"href":"https:\/\/non-stopshop.eu\/hr\/wp-json\/wp\/v2\/types\/product"}],"replies":[{"embeddable":true,"href":"https:\/\/non-stopshop.eu\/hr\/wp-json\/wp\/v2\/comments?post=3346"}],"wp:featuredmedia":[{"embeddable":true,"href":"https:\/\/non-stopshop.eu\/hr\/wp-json\/wp\/v2\/media\/3354"}],"wp:attachment":[{"href":"https:\/\/non-stopshop.eu\/hr\/wp-json\/wp\/v2\/media?parent=3346"}],"wp:term":[{"taxonomy":"product_brand","embeddable":true,"href":"https:\/\/non-stopshop.eu\/hr\/wp-json\/wp\/v2\/product_brand?post=3346"},{"taxonomy":"product_cat","embeddable":true,"href":"https:\/\/non-stopshop.eu\/hr\/wp-json\/wp\/v2\/product_cat?post=3346"},{"taxonomy":"product_tag","embeddable":true,"href":"https:\/\/non-stopshop.eu\/hr\/wp-json\/wp\/v2\/product_tag?post=3346"}],"curies":[{"name":"wp","href":"https:\/\/api.w.org\/{rel}","templated":true}]}}