{"id":3357,"date":"2021-10-15T15:46:33","date_gmt":"2021-10-15T13:46:33","guid":{"rendered":"https:\/\/cartium.eu\/hr\/?post_type=product&#038;p=3357"},"modified":"2023-01-10T10:24:16","modified_gmt":"2023-01-10T09:24:16","slug":"11-gratis-rezac-za-uglove-na-drvetu-anglemiter","status":"publish","type":"product","link":"https:\/\/non-stopshop.eu\/hr\/proizvod\/11-gratis-rezac-za-uglove-na-drvetu-anglemiter\/","title":{"rendered":"1+1 GRATIS Reza\u010d za uglove na drvetu &#8211; AngleMiter"},"content":{"rendered":"","protected":false},"excerpt":{"rendered":"<p>Apsolutni hit u obradi drveta i pravljenja sna\u017enih spojeva pod uglom od 90 stepeni sa ovom univerzalnom glodalicom omogu\u0107i\u0107e vam jednostavnije i br\u017ee radove u va\u0161oj ku\u0107i ili radionici.<\/p>\n","protected":false},"featured_media":984,"comment_status":"closed","ping_status":"closed","template":"","meta":{"inline_featured_image":false},"product_brand":[],"product_cat":[15,27,24],"product_tag":[],"class_list":{"0":"post-3357","1":"product","2":"type-product","3":"status-publish","4":"has-post-thumbnail","6":"product_cat-uncategorized","7":"product_cat-home","8":"product_cat-sale","10":"first","11":"instock","12":"sale","13":"taxable","14":"shipping-taxable","15":"purchasable","16":"product-type-simple"},"acf":[],"_links":{"self":[{"href":"https:\/\/non-stopshop.eu\/hr\/wp-json\/wp\/v2\/product\/3357","targetHints":{"allow":["GET"]}}],"collection":[{"href":"https:\/\/non-stopshop.eu\/hr\/wp-json\/wp\/v2\/product"}],"about":[{"href":"https:\/\/non-stopshop.eu\/hr\/wp-json\/wp\/v2\/types\/product"}],"replies":[{"embeddable":true,"href":"https:\/\/non-stopshop.eu\/hr\/wp-json\/wp\/v2\/comments?post=3357"}],"wp:featuredmedia":[{"embeddable":true,"href":"https:\/\/non-stopshop.eu\/hr\/wp-json\/wp\/v2\/media\/984"}],"wp:attachment":[{"href":"https:\/\/non-stopshop.eu\/hr\/wp-json\/wp\/v2\/media?parent=3357"}],"wp:term":[{"taxonomy":"product_brand","embeddable":true,"href":"https:\/\/non-stopshop.eu\/hr\/wp-json\/wp\/v2\/product_brand?post=3357"},{"taxonomy":"product_cat","embeddable":true,"href":"https:\/\/non-stopshop.eu\/hr\/wp-json\/wp\/v2\/product_cat?post=3357"},{"taxonomy":"product_tag","embeddable":true,"href":"https:\/\/non-stopshop.eu\/hr\/wp-json\/wp\/v2\/product_tag?post=3357"}],"curies":[{"name":"wp","href":"https:\/\/api.w.org\/{rel}","templated":true}]}}