{"id":3417,"date":"2021-10-21T10:58:53","date_gmt":"2021-10-21T08:58:53","guid":{"rendered":"https:\/\/cartium.eu\/hr\/?post_type=product&#038;p=3417"},"modified":"2023-01-03T12:28:43","modified_gmt":"2023-01-03T11:28:43","slug":"solarna-lampa-lazna-nadzorna-kamera-solcam","status":"publish","type":"product","link":"https:\/\/non-stopshop.eu\/hr\/proizvod\/solarna-lampa-lazna-nadzorna-kamera-solcam\/","title":{"rendered":"Solarna lampa &#8211; la\u017ena nadzorna kamera &#8211; Solcam"},"content":{"rendered":"","protected":false},"excerpt":{"rendered":"<p>Revolucionaran proizvod koji \u0107e unijeti potrebnu sigurnost u za\u0161titi va\u0161e imovine, a radi se samo o LED lampi koja izgleda poput prave nadzorne kamere i ima \u010dak i PIR senzor pokreta!<\/p>\n","protected":false},"featured_media":3427,"comment_status":"closed","ping_status":"closed","template":"","meta":{"inline_featured_image":false},"product_brand":[],"product_cat":[15,27],"product_tag":[],"class_list":{"0":"post-3417","1":"product","2":"type-product","3":"status-publish","4":"has-post-thumbnail","6":"product_cat-uncategorized","7":"product_cat-home","9":"first","10":"instock","11":"sale","12":"taxable","13":"shipping-taxable","14":"purchasable","15":"product-type-simple"},"acf":[],"_links":{"self":[{"href":"https:\/\/non-stopshop.eu\/hr\/wp-json\/wp\/v2\/product\/3417","targetHints":{"allow":["GET"]}}],"collection":[{"href":"https:\/\/non-stopshop.eu\/hr\/wp-json\/wp\/v2\/product"}],"about":[{"href":"https:\/\/non-stopshop.eu\/hr\/wp-json\/wp\/v2\/types\/product"}],"replies":[{"embeddable":true,"href":"https:\/\/non-stopshop.eu\/hr\/wp-json\/wp\/v2\/comments?post=3417"}],"wp:featuredmedia":[{"embeddable":true,"href":"https:\/\/non-stopshop.eu\/hr\/wp-json\/wp\/v2\/media\/3427"}],"wp:attachment":[{"href":"https:\/\/non-stopshop.eu\/hr\/wp-json\/wp\/v2\/media?parent=3417"}],"wp:term":[{"taxonomy":"product_brand","embeddable":true,"href":"https:\/\/non-stopshop.eu\/hr\/wp-json\/wp\/v2\/product_brand?post=3417"},{"taxonomy":"product_cat","embeddable":true,"href":"https:\/\/non-stopshop.eu\/hr\/wp-json\/wp\/v2\/product_cat?post=3417"},{"taxonomy":"product_tag","embeddable":true,"href":"https:\/\/non-stopshop.eu\/hr\/wp-json\/wp\/v2\/product_tag?post=3417"}],"curies":[{"name":"wp","href":"https:\/\/api.w.org\/{rel}","templated":true}]}}