{"id":3452,"date":"2021-12-06T09:45:22","date_gmt":"2021-12-06T08:45:22","guid":{"rendered":"https:\/\/non-stopshop.eu\/hr\/?post_type=product&#038;p=3452"},"modified":"2023-01-03T12:50:07","modified_gmt":"2023-01-03T11:50:07","slug":"zvucna-led-svjetla-ledlightound","status":"publish","type":"product","link":"https:\/\/non-stopshop.eu\/hr\/proizvod\/zvucna-led-svjetla-ledlightound\/","title":{"rendered":"Zvu\u010dna LED svjetla &#8211; LedLightound"},"content":{"rendered":"","protected":false},"excerpt":{"rendered":"<p>Izuzetno efektno i neobi\u010dno LED osvjetljenje sa senzornim mikrofonima koji \u0107e emitovati ritam glazbe u svjetlosnim \u0161arenim bojama, savr\u0161ena su dekoracija za bilo koju prostoriju.<\/p>\n","protected":false},"featured_media":3508,"comment_status":"closed","ping_status":"closed","template":"","meta":{"inline_featured_image":false},"product_brand":[],"product_cat":[15,27,36],"product_tag":[],"class_list":{"0":"post-3452","1":"product","2":"type-product","3":"status-publish","4":"has-post-thumbnail","6":"product_cat-uncategorized","7":"product_cat-home","8":"product_cat-seasonal-discounts","10":"first","11":"instock","12":"sale","13":"taxable","14":"shipping-taxable","15":"purchasable","16":"product-type-simple"},"acf":[],"_links":{"self":[{"href":"https:\/\/non-stopshop.eu\/hr\/wp-json\/wp\/v2\/product\/3452","targetHints":{"allow":["GET"]}}],"collection":[{"href":"https:\/\/non-stopshop.eu\/hr\/wp-json\/wp\/v2\/product"}],"about":[{"href":"https:\/\/non-stopshop.eu\/hr\/wp-json\/wp\/v2\/types\/product"}],"replies":[{"embeddable":true,"href":"https:\/\/non-stopshop.eu\/hr\/wp-json\/wp\/v2\/comments?post=3452"}],"wp:featuredmedia":[{"embeddable":true,"href":"https:\/\/non-stopshop.eu\/hr\/wp-json\/wp\/v2\/media\/3508"}],"wp:attachment":[{"href":"https:\/\/non-stopshop.eu\/hr\/wp-json\/wp\/v2\/media?parent=3452"}],"wp:term":[{"taxonomy":"product_brand","embeddable":true,"href":"https:\/\/non-stopshop.eu\/hr\/wp-json\/wp\/v2\/product_brand?post=3452"},{"taxonomy":"product_cat","embeddable":true,"href":"https:\/\/non-stopshop.eu\/hr\/wp-json\/wp\/v2\/product_cat?post=3452"},{"taxonomy":"product_tag","embeddable":true,"href":"https:\/\/non-stopshop.eu\/hr\/wp-json\/wp\/v2\/product_tag?post=3452"}],"curies":[{"name":"wp","href":"https:\/\/api.w.org\/{rel}","templated":true}]}}