{"id":3454,"date":"2021-12-06T09:56:40","date_gmt":"2021-12-06T08:56:40","guid":{"rendered":"https:\/\/non-stopshop.eu\/hr\/?post_type=product&#038;p=3454"},"modified":"2023-01-03T12:49:13","modified_gmt":"2023-01-03T11:49:13","slug":"univerzalna-glava-za-tus-showeress","status":"publish","type":"product","link":"https:\/\/non-stopshop.eu\/hr\/proizvod\/univerzalna-glava-za-tus-showeress\/","title":{"rendered":"Univerzalna glava za tu\u0161 &#8211; Showeress"},"content":{"rendered":"","protected":false},"excerpt":{"rendered":"<p>Jak, ali ugodan mlaz vode omogu\u0107it \u0107e potpuno opu\u0161tanje u va\u0161oj kadi ili u tu\u0161u!<\/p>\n","protected":false},"featured_media":3490,"comment_status":"closed","ping_status":"closed","template":"","meta":{"inline_featured_image":false},"product_brand":[],"product_cat":[15,27,36],"product_tag":[],"class_list":{"0":"post-3454","1":"product","2":"type-product","3":"status-publish","4":"has-post-thumbnail","6":"product_cat-uncategorized","7":"product_cat-home","8":"product_cat-seasonal-discounts","10":"first","11":"instock","12":"sale","13":"taxable","14":"shipping-taxable","15":"purchasable","16":"product-type-simple"},"acf":[],"_links":{"self":[{"href":"https:\/\/non-stopshop.eu\/hr\/wp-json\/wp\/v2\/product\/3454","targetHints":{"allow":["GET"]}}],"collection":[{"href":"https:\/\/non-stopshop.eu\/hr\/wp-json\/wp\/v2\/product"}],"about":[{"href":"https:\/\/non-stopshop.eu\/hr\/wp-json\/wp\/v2\/types\/product"}],"replies":[{"embeddable":true,"href":"https:\/\/non-stopshop.eu\/hr\/wp-json\/wp\/v2\/comments?post=3454"}],"wp:featuredmedia":[{"embeddable":true,"href":"https:\/\/non-stopshop.eu\/hr\/wp-json\/wp\/v2\/media\/3490"}],"wp:attachment":[{"href":"https:\/\/non-stopshop.eu\/hr\/wp-json\/wp\/v2\/media?parent=3454"}],"wp:term":[{"taxonomy":"product_brand","embeddable":true,"href":"https:\/\/non-stopshop.eu\/hr\/wp-json\/wp\/v2\/product_brand?post=3454"},{"taxonomy":"product_cat","embeddable":true,"href":"https:\/\/non-stopshop.eu\/hr\/wp-json\/wp\/v2\/product_cat?post=3454"},{"taxonomy":"product_tag","embeddable":true,"href":"https:\/\/non-stopshop.eu\/hr\/wp-json\/wp\/v2\/product_tag?post=3454"}],"curies":[{"name":"wp","href":"https:\/\/api.w.org\/{rel}","templated":true}]}}