{"id":3460,"date":"2021-12-06T10:22:42","date_gmt":"2021-12-06T09:22:42","guid":{"rendered":"https:\/\/non-stopshop.eu\/hr\/?post_type=product&#038;p=3460"},"modified":"2023-01-10T10:13:41","modified_gmt":"2023-01-10T09:13:41","slug":"barsunaste-termo-carape-4-para-termax","status":"publish","type":"product","link":"https:\/\/non-stopshop.eu\/hr\/proizvod\/barsunaste-termo-carape-4-para-termax\/","title":{"rendered":"Bar\u0161unaste termo \u010darape (4 para) &#8211; Termax"},"content":{"rendered":"","protected":false},"excerpt":{"rendered":"<p>Neka vam uvijek bude toplo i ugodno u hladnim zimskim danima nose\u0107i samo ove super \u010darape izra\u0111ene od izuzetnog ka\u0161mirskog materijala, koji je karakteristi\u010dno prozra\u010dan i zahvalan za odr\u017eavanje.<\/p>\n","protected":false},"featured_media":3464,"comment_status":"closed","ping_status":"closed","template":"","meta":{"inline_featured_image":false},"product_brand":[],"product_cat":[15,28,26],"product_tag":[],"class_list":{"0":"post-3460","1":"product","2":"type-product","3":"status-publish","4":"has-post-thumbnail","6":"product_cat-uncategorized","7":"product_cat-beauty","8":"product_cat-health","10":"first","11":"instock","12":"sale","13":"taxable","14":"shipping-taxable","15":"purchasable","16":"product-type-simple"},"acf":[],"_links":{"self":[{"href":"https:\/\/non-stopshop.eu\/hr\/wp-json\/wp\/v2\/product\/3460","targetHints":{"allow":["GET"]}}],"collection":[{"href":"https:\/\/non-stopshop.eu\/hr\/wp-json\/wp\/v2\/product"}],"about":[{"href":"https:\/\/non-stopshop.eu\/hr\/wp-json\/wp\/v2\/types\/product"}],"replies":[{"embeddable":true,"href":"https:\/\/non-stopshop.eu\/hr\/wp-json\/wp\/v2\/comments?post=3460"}],"wp:featuredmedia":[{"embeddable":true,"href":"https:\/\/non-stopshop.eu\/hr\/wp-json\/wp\/v2\/media\/3464"}],"wp:attachment":[{"href":"https:\/\/non-stopshop.eu\/hr\/wp-json\/wp\/v2\/media?parent=3460"}],"wp:term":[{"taxonomy":"product_brand","embeddable":true,"href":"https:\/\/non-stopshop.eu\/hr\/wp-json\/wp\/v2\/product_brand?post=3460"},{"taxonomy":"product_cat","embeddable":true,"href":"https:\/\/non-stopshop.eu\/hr\/wp-json\/wp\/v2\/product_cat?post=3460"},{"taxonomy":"product_tag","embeddable":true,"href":"https:\/\/non-stopshop.eu\/hr\/wp-json\/wp\/v2\/product_tag?post=3460"}],"curies":[{"name":"wp","href":"https:\/\/api.w.org\/{rel}","templated":true}]}}