{"id":3712,"date":"2022-04-13T12:43:03","date_gmt":"2022-04-13T10:43:03","guid":{"rendered":"https:\/\/non-stopshop.eu\/hr\/?post_type=product&#038;p=3712"},"modified":"2023-12-18T09:02:45","modified_gmt":"2023-12-18T08:02:45","slug":"montesori-tiha-knjiga-za-djecu","status":"publish","type":"product","link":"https:\/\/non-stopshop.eu\/hr\/proizvod\/montesori-tiha-knjiga-za-djecu\/","title":{"rendered":"Montesori tiha knjiga za djecu"},"content":{"rendered":"","protected":false},"excerpt":{"rendered":"<p>Knjige po montesori metodama za razvoj djece , njihovih vje\u0161tina, \u010dula i ma\u0161te odu\u0161evi\u0107e svako djete i olak\u0161ati im u\u010denje kroz igru.<\/p>\n","protected":false},"featured_media":3717,"comment_status":"closed","ping_status":"closed","template":"","meta":{"inline_featured_image":false},"product_brand":[],"product_cat":[15,24,35],"product_tag":[],"class_list":{"0":"post-3712","1":"product","2":"type-product","3":"status-publish","4":"has-post-thumbnail","6":"product_cat-uncategorized","7":"product_cat-sale","8":"product_cat-fun","10":"first","11":"instock","12":"sale","13":"taxable","14":"shipping-taxable","15":"purchasable","16":"product-type-variable"},"acf":[],"_links":{"self":[{"href":"https:\/\/non-stopshop.eu\/hr\/wp-json\/wp\/v2\/product\/3712","targetHints":{"allow":["GET"]}}],"collection":[{"href":"https:\/\/non-stopshop.eu\/hr\/wp-json\/wp\/v2\/product"}],"about":[{"href":"https:\/\/non-stopshop.eu\/hr\/wp-json\/wp\/v2\/types\/product"}],"replies":[{"embeddable":true,"href":"https:\/\/non-stopshop.eu\/hr\/wp-json\/wp\/v2\/comments?post=3712"}],"wp:featuredmedia":[{"embeddable":true,"href":"https:\/\/non-stopshop.eu\/hr\/wp-json\/wp\/v2\/media\/3717"}],"wp:attachment":[{"href":"https:\/\/non-stopshop.eu\/hr\/wp-json\/wp\/v2\/media?parent=3712"}],"wp:term":[{"taxonomy":"product_brand","embeddable":true,"href":"https:\/\/non-stopshop.eu\/hr\/wp-json\/wp\/v2\/product_brand?post=3712"},{"taxonomy":"product_cat","embeddable":true,"href":"https:\/\/non-stopshop.eu\/hr\/wp-json\/wp\/v2\/product_cat?post=3712"},{"taxonomy":"product_tag","embeddable":true,"href":"https:\/\/non-stopshop.eu\/hr\/wp-json\/wp\/v2\/product_tag?post=3712"}],"curies":[{"name":"wp","href":"https:\/\/api.w.org\/{rel}","templated":true}]}}