{"id":3761,"date":"2022-04-29T14:18:08","date_gmt":"2022-04-29T12:18:08","guid":{"rendered":"https:\/\/non-stopshop.eu\/hr\/?post_type=product&#038;p=3761"},"modified":"2023-04-28T14:06:47","modified_gmt":"2023-04-28T12:06:47","slug":"rucni-komplet-za-popravak-namjestaja","status":"publish","type":"product","link":"https:\/\/non-stopshop.eu\/hr\/proizvod\/rucni-komplet-za-popravak-namjestaja\/","title":{"rendered":"Ru\u010dni komplet za popravak namje\u0161taja"},"content":{"rendered":"","protected":false},"excerpt":{"rendered":"<p>Popravite manje ogrebotine na svim vrstama podova ili drugog namje\u0161taja i drvenih povr\u0161ina . Idealan za parkete, laminate, radne plo\u010de ili namje\u0161taj i drvenu gra\u0111u.<\/p>\n","protected":false},"featured_media":3762,"comment_status":"closed","ping_status":"closed","template":"","meta":{"inline_featured_image":false},"product_brand":[],"product_cat":[15,27,36],"product_tag":[],"class_list":{"0":"post-3761","1":"product","2":"type-product","3":"status-publish","4":"has-post-thumbnail","6":"product_cat-uncategorized","7":"product_cat-home","8":"product_cat-seasonal-discounts","10":"first","11":"instock","12":"sale","13":"taxable","14":"shipping-taxable","15":"purchasable","16":"product-type-simple"},"acf":[],"_links":{"self":[{"href":"https:\/\/non-stopshop.eu\/hr\/wp-json\/wp\/v2\/product\/3761","targetHints":{"allow":["GET"]}}],"collection":[{"href":"https:\/\/non-stopshop.eu\/hr\/wp-json\/wp\/v2\/product"}],"about":[{"href":"https:\/\/non-stopshop.eu\/hr\/wp-json\/wp\/v2\/types\/product"}],"replies":[{"embeddable":true,"href":"https:\/\/non-stopshop.eu\/hr\/wp-json\/wp\/v2\/comments?post=3761"}],"wp:featuredmedia":[{"embeddable":true,"href":"https:\/\/non-stopshop.eu\/hr\/wp-json\/wp\/v2\/media\/3762"}],"wp:attachment":[{"href":"https:\/\/non-stopshop.eu\/hr\/wp-json\/wp\/v2\/media?parent=3761"}],"wp:term":[{"taxonomy":"product_brand","embeddable":true,"href":"https:\/\/non-stopshop.eu\/hr\/wp-json\/wp\/v2\/product_brand?post=3761"},{"taxonomy":"product_cat","embeddable":true,"href":"https:\/\/non-stopshop.eu\/hr\/wp-json\/wp\/v2\/product_cat?post=3761"},{"taxonomy":"product_tag","embeddable":true,"href":"https:\/\/non-stopshop.eu\/hr\/wp-json\/wp\/v2\/product_tag?post=3761"}],"curies":[{"name":"wp","href":"https:\/\/api.w.org\/{rel}","templated":true}]}}