{"id":4086,"date":"2022-06-17T10:46:30","date_gmt":"2022-06-17T08:46:30","guid":{"rendered":"https:\/\/non-stopshop.eu\/hr\/?post_type=product&#038;p=4086"},"modified":"2023-01-10T10:09:17","modified_gmt":"2023-01-10T09:09:17","slug":"rolo-zastita-od-sunca-za-automobile-i-prozore-shady","status":"publish","type":"product","link":"https:\/\/non-stopshop.eu\/hr\/proizvod\/rolo-zastita-od-sunca-za-automobile-i-prozore-shady\/","title":{"rendered":"Rolo za\u0161tita od sunca za automobile i prozore &#8211; Shady"},"content":{"rendered":"","protected":false},"excerpt":{"rendered":"<p>Smanjite UV zrake i sun\u010devu svjetlost u svom automobilu i u\u010dinite vo\u017enju ugodnijom. Iskoristite ovu za\u0161titu za sve prostorije gdje je to potrebno!<\/p>\n","protected":false},"featured_media":4095,"comment_status":"closed","ping_status":"closed","template":"","meta":{"inline_featured_image":false},"product_brand":[],"product_cat":[15,25,27],"product_tag":[],"class_list":{"0":"post-4086","1":"product","2":"type-product","3":"status-publish","4":"has-post-thumbnail","6":"product_cat-uncategorized","7":"product_cat-car","8":"product_cat-home","10":"first","11":"instock","12":"sale","13":"taxable","14":"shipping-taxable","15":"purchasable","16":"product-type-simple"},"acf":[],"_links":{"self":[{"href":"https:\/\/non-stopshop.eu\/hr\/wp-json\/wp\/v2\/product\/4086","targetHints":{"allow":["GET"]}}],"collection":[{"href":"https:\/\/non-stopshop.eu\/hr\/wp-json\/wp\/v2\/product"}],"about":[{"href":"https:\/\/non-stopshop.eu\/hr\/wp-json\/wp\/v2\/types\/product"}],"replies":[{"embeddable":true,"href":"https:\/\/non-stopshop.eu\/hr\/wp-json\/wp\/v2\/comments?post=4086"}],"wp:featuredmedia":[{"embeddable":true,"href":"https:\/\/non-stopshop.eu\/hr\/wp-json\/wp\/v2\/media\/4095"}],"wp:attachment":[{"href":"https:\/\/non-stopshop.eu\/hr\/wp-json\/wp\/v2\/media?parent=4086"}],"wp:term":[{"taxonomy":"product_brand","embeddable":true,"href":"https:\/\/non-stopshop.eu\/hr\/wp-json\/wp\/v2\/product_brand?post=4086"},{"taxonomy":"product_cat","embeddable":true,"href":"https:\/\/non-stopshop.eu\/hr\/wp-json\/wp\/v2\/product_cat?post=4086"},{"taxonomy":"product_tag","embeddable":true,"href":"https:\/\/non-stopshop.eu\/hr\/wp-json\/wp\/v2\/product_tag?post=4086"}],"curies":[{"name":"wp","href":"https:\/\/api.w.org\/{rel}","templated":true}]}}