{"id":4195,"date":"2022-07-01T15:30:11","date_gmt":"2022-07-01T13:30:11","guid":{"rendered":"https:\/\/non-stopshop.eu\/hr\/?post_type=product&#038;p=4195"},"modified":"2023-01-10T10:08:30","modified_gmt":"2023-01-10T09:08:30","slug":"gel-za-ciscenje-i-izbjeljivanje-cipela","status":"publish","type":"product","link":"https:\/\/non-stopshop.eu\/hr\/proizvod\/gel-za-ciscenje-i-izbjeljivanje-cipela\/","title":{"rendered":"Gel za \u010di\u0161\u0107enje i izbjeljivanje cipela"},"content":{"rendered":"","protected":false},"excerpt":{"rendered":"<p>Uklonite prljav\u0161tinu, \u017eute mrlje i crnila uzrokovana vremenom uz ovaj fenomenalni gel za izbjeljivanje i \u010di\u0161\u0107enje!<\/p>\n","protected":false},"featured_media":4199,"comment_status":"closed","ping_status":"closed","template":"","meta":{"inline_featured_image":false},"product_brand":[],"product_cat":[15,25,28,24],"product_tag":[],"class_list":{"0":"post-4195","1":"product","2":"type-product","3":"status-publish","4":"has-post-thumbnail","6":"product_cat-uncategorized","7":"product_cat-car","8":"product_cat-beauty","9":"product_cat-sale","11":"first","12":"instock","13":"sale","14":"taxable","15":"shipping-taxable","16":"purchasable","17":"product-type-simple"},"acf":[],"_links":{"self":[{"href":"https:\/\/non-stopshop.eu\/hr\/wp-json\/wp\/v2\/product\/4195","targetHints":{"allow":["GET"]}}],"collection":[{"href":"https:\/\/non-stopshop.eu\/hr\/wp-json\/wp\/v2\/product"}],"about":[{"href":"https:\/\/non-stopshop.eu\/hr\/wp-json\/wp\/v2\/types\/product"}],"replies":[{"embeddable":true,"href":"https:\/\/non-stopshop.eu\/hr\/wp-json\/wp\/v2\/comments?post=4195"}],"wp:featuredmedia":[{"embeddable":true,"href":"https:\/\/non-stopshop.eu\/hr\/wp-json\/wp\/v2\/media\/4199"}],"wp:attachment":[{"href":"https:\/\/non-stopshop.eu\/hr\/wp-json\/wp\/v2\/media?parent=4195"}],"wp:term":[{"taxonomy":"product_brand","embeddable":true,"href":"https:\/\/non-stopshop.eu\/hr\/wp-json\/wp\/v2\/product_brand?post=4195"},{"taxonomy":"product_cat","embeddable":true,"href":"https:\/\/non-stopshop.eu\/hr\/wp-json\/wp\/v2\/product_cat?post=4195"},{"taxonomy":"product_tag","embeddable":true,"href":"https:\/\/non-stopshop.eu\/hr\/wp-json\/wp\/v2\/product_tag?post=4195"}],"curies":[{"name":"wp","href":"https:\/\/api.w.org\/{rel}","templated":true}]}}