{"id":4638,"date":"2022-08-11T16:06:05","date_gmt":"2022-08-11T14:06:05","guid":{"rendered":"https:\/\/non-stopshop.eu\/hr\/?post_type=product&#038;p=4638"},"modified":"2023-04-13T15:54:46","modified_gmt":"2023-04-13T13:54:46","slug":"sat-sa-autom-na-daljinsko-upravljanje","status":"publish","type":"product","link":"https:\/\/non-stopshop.eu\/hr\/proizvod\/sat-sa-autom-na-daljinsko-upravljanje\/","title":{"rendered":"Sat sa autom na daljinsko upravljanje"},"content":{"rendered":"","protected":false},"excerpt":{"rendered":"<p>Fenomenalna i prakti\u010dna igra\u010dka, izmami\u0107e\u00a0 osmjeh\u00a0 i zabaviti svako dijete\u00a0 u svim situacijama. Prakti\u010dan dizajn omogu\u0107i\u0107e djetetu da uvijek ima uz sebe omiljenu igra\u010dku!<\/p>\n","protected":false},"featured_media":4639,"comment_status":"closed","ping_status":"closed","template":"","meta":{"inline_featured_image":false},"product_brand":[],"product_cat":[15,25,35],"product_tag":[],"class_list":{"0":"post-4638","1":"product","2":"type-product","3":"status-publish","4":"has-post-thumbnail","6":"product_cat-uncategorized","7":"product_cat-car","8":"product_cat-fun","10":"first","11":"instock","12":"sale","13":"taxable","14":"shipping-taxable","15":"purchasable","16":"product-type-simple"},"acf":[],"_links":{"self":[{"href":"https:\/\/non-stopshop.eu\/hr\/wp-json\/wp\/v2\/product\/4638","targetHints":{"allow":["GET"]}}],"collection":[{"href":"https:\/\/non-stopshop.eu\/hr\/wp-json\/wp\/v2\/product"}],"about":[{"href":"https:\/\/non-stopshop.eu\/hr\/wp-json\/wp\/v2\/types\/product"}],"replies":[{"embeddable":true,"href":"https:\/\/non-stopshop.eu\/hr\/wp-json\/wp\/v2\/comments?post=4638"}],"wp:featuredmedia":[{"embeddable":true,"href":"https:\/\/non-stopshop.eu\/hr\/wp-json\/wp\/v2\/media\/4639"}],"wp:attachment":[{"href":"https:\/\/non-stopshop.eu\/hr\/wp-json\/wp\/v2\/media?parent=4638"}],"wp:term":[{"taxonomy":"product_brand","embeddable":true,"href":"https:\/\/non-stopshop.eu\/hr\/wp-json\/wp\/v2\/product_brand?post=4638"},{"taxonomy":"product_cat","embeddable":true,"href":"https:\/\/non-stopshop.eu\/hr\/wp-json\/wp\/v2\/product_cat?post=4638"},{"taxonomy":"product_tag","embeddable":true,"href":"https:\/\/non-stopshop.eu\/hr\/wp-json\/wp\/v2\/product_tag?post=4638"}],"curies":[{"name":"wp","href":"https:\/\/api.w.org\/{rel}","templated":true}]}}