{"id":4970,"date":"2022-09-09T12:43:32","date_gmt":"2022-09-09T10:43:32","guid":{"rendered":"https:\/\/non-stopshop.eu\/hr\/?post_type=product&#038;p=4970"},"modified":"2023-04-13T15:47:56","modified_gmt":"2023-04-13T13:47:56","slug":"set-za-izradu-3d-figurica","status":"publish","type":"product","link":"https:\/\/non-stopshop.eu\/hr\/proizvod\/set-za-izradu-3d-figurica\/","title":{"rendered":"Set za izradu 3D figurica"},"content":{"rendered":"","protected":false},"excerpt":{"rendered":"<p>DIY set za izradu figurica savr\u0161en je za zabavu i opu\u0161tanje.\u00a0Ova zanimljiva igra je istovremeno opu\u0161taju\u0107a i u\u010dinkovita.\u00a0Vrlo je jednostavan za kori\u0161tenje i idealan je alat za izra\u017eavanje kreativnosti.<\/p>\n","protected":false},"featured_media":4994,"comment_status":"closed","ping_status":"closed","template":"","meta":{"inline_featured_image":false},"product_brand":[],"product_cat":[15,35],"product_tag":[],"class_list":{"0":"post-4970","1":"product","2":"type-product","3":"status-publish","4":"has-post-thumbnail","6":"product_cat-uncategorized","7":"product_cat-fun","9":"first","10":"instock","11":"sale","12":"taxable","13":"shipping-taxable","14":"purchasable","15":"product-type-simple"},"acf":[],"_links":{"self":[{"href":"https:\/\/non-stopshop.eu\/hr\/wp-json\/wp\/v2\/product\/4970","targetHints":{"allow":["GET"]}}],"collection":[{"href":"https:\/\/non-stopshop.eu\/hr\/wp-json\/wp\/v2\/product"}],"about":[{"href":"https:\/\/non-stopshop.eu\/hr\/wp-json\/wp\/v2\/types\/product"}],"replies":[{"embeddable":true,"href":"https:\/\/non-stopshop.eu\/hr\/wp-json\/wp\/v2\/comments?post=4970"}],"wp:featuredmedia":[{"embeddable":true,"href":"https:\/\/non-stopshop.eu\/hr\/wp-json\/wp\/v2\/media\/4994"}],"wp:attachment":[{"href":"https:\/\/non-stopshop.eu\/hr\/wp-json\/wp\/v2\/media?parent=4970"}],"wp:term":[{"taxonomy":"product_brand","embeddable":true,"href":"https:\/\/non-stopshop.eu\/hr\/wp-json\/wp\/v2\/product_brand?post=4970"},{"taxonomy":"product_cat","embeddable":true,"href":"https:\/\/non-stopshop.eu\/hr\/wp-json\/wp\/v2\/product_cat?post=4970"},{"taxonomy":"product_tag","embeddable":true,"href":"https:\/\/non-stopshop.eu\/hr\/wp-json\/wp\/v2\/product_tag?post=4970"}],"curies":[{"name":"wp","href":"https:\/\/api.w.org\/{rel}","templated":true}]}}