{"id":5001,"date":"2022-09-09T12:56:28","date_gmt":"2022-09-09T10:56:28","guid":{"rendered":"https:\/\/non-stopshop.eu\/hr\/?post_type=product&#038;p=5001"},"modified":"2023-07-24T15:01:22","modified_gmt":"2023-07-24T13:01:22","slug":"spiderman-rukavica-za-ispucavanje","status":"publish","type":"product","link":"https:\/\/non-stopshop.eu\/hr\/proizvod\/spiderman-rukavica-za-ispucavanje\/","title":{"rendered":"Spiderman rukavica za ispucavanje"},"content":{"rendered":"","protected":false},"excerpt":{"rendered":"<p>Fenomenalna i prakti\u010dna igra\u010dka, izmami\u0107e\u00a0 osmjeh\u00a0 i zabaviti svako dijete\u00a0 u svim situacijama. Prakti\u010dan dizajn omogu\u0107i\u0107e djetetu da uvijek ima uz sebe omiljenu igra\u010dku!<\/p>\n","protected":false},"featured_media":5005,"comment_status":"closed","ping_status":"closed","template":"","meta":{"inline_featured_image":false},"product_brand":[],"product_cat":[15,35],"product_tag":[],"class_list":{"0":"post-5001","1":"product","2":"type-product","3":"status-publish","4":"has-post-thumbnail","6":"product_cat-uncategorized","7":"product_cat-fun","9":"first","10":"instock","11":"sale","12":"taxable","13":"shipping-taxable","14":"purchasable","15":"product-type-simple"},"acf":[],"_links":{"self":[{"href":"https:\/\/non-stopshop.eu\/hr\/wp-json\/wp\/v2\/product\/5001","targetHints":{"allow":["GET"]}}],"collection":[{"href":"https:\/\/non-stopshop.eu\/hr\/wp-json\/wp\/v2\/product"}],"about":[{"href":"https:\/\/non-stopshop.eu\/hr\/wp-json\/wp\/v2\/types\/product"}],"replies":[{"embeddable":true,"href":"https:\/\/non-stopshop.eu\/hr\/wp-json\/wp\/v2\/comments?post=5001"}],"wp:featuredmedia":[{"embeddable":true,"href":"https:\/\/non-stopshop.eu\/hr\/wp-json\/wp\/v2\/media\/5005"}],"wp:attachment":[{"href":"https:\/\/non-stopshop.eu\/hr\/wp-json\/wp\/v2\/media?parent=5001"}],"wp:term":[{"taxonomy":"product_brand","embeddable":true,"href":"https:\/\/non-stopshop.eu\/hr\/wp-json\/wp\/v2\/product_brand?post=5001"},{"taxonomy":"product_cat","embeddable":true,"href":"https:\/\/non-stopshop.eu\/hr\/wp-json\/wp\/v2\/product_cat?post=5001"},{"taxonomy":"product_tag","embeddable":true,"href":"https:\/\/non-stopshop.eu\/hr\/wp-json\/wp\/v2\/product_tag?post=5001"}],"curies":[{"name":"wp","href":"https:\/\/api.w.org\/{rel}","templated":true}]}}