{"id":5019,"date":"2022-09-09T15:41:08","date_gmt":"2022-09-09T13:41:08","guid":{"rendered":"https:\/\/non-stopshop.eu\/hr\/?post_type=product&#038;p=5019"},"modified":"2023-09-10T07:27:29","modified_gmt":"2023-09-10T05:27:29","slug":"carobne-radne-biljeznice-za-djecu","status":"publish","type":"product","link":"https:\/\/non-stopshop.eu\/hr\/proizvod\/carobne-radne-biljeznice-za-djecu\/","title":{"rendered":"\u010carobne radne bilje\u017enice za djecu"},"content":{"rendered":"","protected":false},"excerpt":{"rendered":"<p>Neka va\u0161a djeca pobolj\u0161aju svoje pokrete i oblike, crtanje i pisanje uz ovu zabavnu radnu bilje\u017enicu.\u00a0Pripremite svoje dijete za \u0161kolu i olak\u0161ajte mu po\u010detak.\u00a0Neka djeca razviju svoju to\u010dnost uz ovu radnu bilje\u017enicu.<\/p>\n","protected":false},"featured_media":5024,"comment_status":"closed","ping_status":"closed","template":"","meta":{"inline_featured_image":false},"product_brand":[],"product_cat":[15,25,35],"product_tag":[],"class_list":{"0":"post-5019","1":"product","2":"type-product","3":"status-publish","4":"has-post-thumbnail","6":"product_cat-uncategorized","7":"product_cat-car","8":"product_cat-fun","10":"first","11":"instock","12":"sale","13":"taxable","14":"shipping-taxable","15":"purchasable","16":"product-type-simple"},"acf":[],"_links":{"self":[{"href":"https:\/\/non-stopshop.eu\/hr\/wp-json\/wp\/v2\/product\/5019","targetHints":{"allow":["GET"]}}],"collection":[{"href":"https:\/\/non-stopshop.eu\/hr\/wp-json\/wp\/v2\/product"}],"about":[{"href":"https:\/\/non-stopshop.eu\/hr\/wp-json\/wp\/v2\/types\/product"}],"replies":[{"embeddable":true,"href":"https:\/\/non-stopshop.eu\/hr\/wp-json\/wp\/v2\/comments?post=5019"}],"wp:featuredmedia":[{"embeddable":true,"href":"https:\/\/non-stopshop.eu\/hr\/wp-json\/wp\/v2\/media\/5024"}],"wp:attachment":[{"href":"https:\/\/non-stopshop.eu\/hr\/wp-json\/wp\/v2\/media?parent=5019"}],"wp:term":[{"taxonomy":"product_brand","embeddable":true,"href":"https:\/\/non-stopshop.eu\/hr\/wp-json\/wp\/v2\/product_brand?post=5019"},{"taxonomy":"product_cat","embeddable":true,"href":"https:\/\/non-stopshop.eu\/hr\/wp-json\/wp\/v2\/product_cat?post=5019"},{"taxonomy":"product_tag","embeddable":true,"href":"https:\/\/non-stopshop.eu\/hr\/wp-json\/wp\/v2\/product_tag?post=5019"}],"curies":[{"name":"wp","href":"https:\/\/api.w.org\/{rel}","templated":true}]}}