{"id":5372,"date":"2022-10-05T13:12:33","date_gmt":"2022-10-05T11:12:33","guid":{"rendered":"https:\/\/non-stopshop.eu\/hr\/?post_type=product&#038;p=5372"},"modified":"2023-04-13T15:42:07","modified_gmt":"2023-04-13T13:42:07","slug":"visenamjenski-termo-transfer-papir","status":"publish","type":"product","link":"https:\/\/non-stopshop.eu\/hr\/proizvod\/visenamjenski-termo-transfer-papir\/","title":{"rendered":"Vi\u0161enamjenski termo transfer papir"},"content":{"rendered":"","protected":false},"excerpt":{"rendered":"<p>Napravite sebi brendiranu garderobu ili dres, svoje omiljene fotografije mo\u017eete staviti na odje\u0107u u samo nekoliko sekundi, kombinacija je mnogo, sve ovisi o va\u0161oj ma\u0161ti, napravite apsolutno unikatne majice!<\/p>\n","protected":false},"featured_media":5389,"comment_status":"closed","ping_status":"closed","template":"","meta":{"inline_featured_image":false},"product_brand":[],"product_cat":[15,27,35],"product_tag":[],"class_list":{"0":"post-5372","1":"product","2":"type-product","3":"status-publish","4":"has-post-thumbnail","6":"product_cat-uncategorized","7":"product_cat-home","8":"product_cat-fun","10":"first","11":"instock","12":"sale","13":"taxable","14":"shipping-taxable","15":"purchasable","16":"product-type-simple"},"acf":[],"_links":{"self":[{"href":"https:\/\/non-stopshop.eu\/hr\/wp-json\/wp\/v2\/product\/5372","targetHints":{"allow":["GET"]}}],"collection":[{"href":"https:\/\/non-stopshop.eu\/hr\/wp-json\/wp\/v2\/product"}],"about":[{"href":"https:\/\/non-stopshop.eu\/hr\/wp-json\/wp\/v2\/types\/product"}],"replies":[{"embeddable":true,"href":"https:\/\/non-stopshop.eu\/hr\/wp-json\/wp\/v2\/comments?post=5372"}],"wp:featuredmedia":[{"embeddable":true,"href":"https:\/\/non-stopshop.eu\/hr\/wp-json\/wp\/v2\/media\/5389"}],"wp:attachment":[{"href":"https:\/\/non-stopshop.eu\/hr\/wp-json\/wp\/v2\/media?parent=5372"}],"wp:term":[{"taxonomy":"product_brand","embeddable":true,"href":"https:\/\/non-stopshop.eu\/hr\/wp-json\/wp\/v2\/product_brand?post=5372"},{"taxonomy":"product_cat","embeddable":true,"href":"https:\/\/non-stopshop.eu\/hr\/wp-json\/wp\/v2\/product_cat?post=5372"},{"taxonomy":"product_tag","embeddable":true,"href":"https:\/\/non-stopshop.eu\/hr\/wp-json\/wp\/v2\/product_tag?post=5372"}],"curies":[{"name":"wp","href":"https:\/\/api.w.org\/{rel}","templated":true}]}}