{"id":5618,"date":"2022-10-25T14:26:33","date_gmt":"2022-10-25T12:26:33","guid":{"rendered":"https:\/\/non-stopshop.eu\/hr\/?post_type=product&#038;p=5618"},"modified":"2023-11-10T10:12:04","modified_gmt":"2023-11-10T09:12:04","slug":"holografski-projektor","status":"publish","type":"product","link":"https:\/\/non-stopshop.eu\/hr\/proizvod\/holografski-projektor\/","title":{"rendered":"Holografski projektor"},"content":{"rendered":"","protected":false},"excerpt":{"rendered":"<p>Podignite ukra\u0161avanje ku\u0107e za praznike na vi\u0161i nivo. 12 razli\u010ditih projekcija u\u010dini\u0107e ove praznike nezaboravnim. Neka va\u0161a ku\u0107a bude najstra\u0161nija za No\u0107 vje\u0161tica i najveselija za Bo\u017ei\u0107ne praznike.<\/p>\n","protected":false},"featured_media":5622,"comment_status":"closed","ping_status":"closed","template":"","meta":{"inline_featured_image":false},"product_brand":[],"product_cat":[15,27],"product_tag":[],"class_list":{"0":"post-5618","1":"product","2":"type-product","3":"status-publish","4":"has-post-thumbnail","6":"product_cat-uncategorized","7":"product_cat-home","9":"first","10":"instock","11":"sale","12":"taxable","13":"shipping-taxable","14":"purchasable","15":"product-type-simple"},"acf":[],"_links":{"self":[{"href":"https:\/\/non-stopshop.eu\/hr\/wp-json\/wp\/v2\/product\/5618","targetHints":{"allow":["GET"]}}],"collection":[{"href":"https:\/\/non-stopshop.eu\/hr\/wp-json\/wp\/v2\/product"}],"about":[{"href":"https:\/\/non-stopshop.eu\/hr\/wp-json\/wp\/v2\/types\/product"}],"replies":[{"embeddable":true,"href":"https:\/\/non-stopshop.eu\/hr\/wp-json\/wp\/v2\/comments?post=5618"}],"wp:featuredmedia":[{"embeddable":true,"href":"https:\/\/non-stopshop.eu\/hr\/wp-json\/wp\/v2\/media\/5622"}],"wp:attachment":[{"href":"https:\/\/non-stopshop.eu\/hr\/wp-json\/wp\/v2\/media?parent=5618"}],"wp:term":[{"taxonomy":"product_brand","embeddable":true,"href":"https:\/\/non-stopshop.eu\/hr\/wp-json\/wp\/v2\/product_brand?post=5618"},{"taxonomy":"product_cat","embeddable":true,"href":"https:\/\/non-stopshop.eu\/hr\/wp-json\/wp\/v2\/product_cat?post=5618"},{"taxonomy":"product_tag","embeddable":true,"href":"https:\/\/non-stopshop.eu\/hr\/wp-json\/wp\/v2\/product_tag?post=5618"}],"curies":[{"name":"wp","href":"https:\/\/api.w.org\/{rel}","templated":true}]}}