{"id":6098,"date":"2023-01-19T11:01:42","date_gmt":"2023-01-19T10:01:42","guid":{"rendered":"https:\/\/non-stopshop.eu\/hr\/?post_type=product&#038;p=6098"},"modified":"2023-01-19T11:11:26","modified_gmt":"2023-01-19T10:11:26","slug":"bezicni-rucni-usisivac","status":"publish","type":"product","link":"https:\/\/non-stopshop.eu\/hr\/proizvod\/bezicni-rucni-usisivac\/","title":{"rendered":"Be\u017ei\u010dni ru\u010dni usisiva\u010d"},"content":{"rendered":"","protected":false},"excerpt":{"rendered":"<p>Lagani ru\u010dni usisiva\u010d sa sna\u017enom usisnom mo\u0107i idealan je pomo\u0107nik u svakom domu, na radnom mjestu ili u automobilu. Rije\u0161ite se ne\u010disto\u0107a i prljav\u0161tine u nekoliko poteza sa ovim vrhunskim usisiva\u010dem.<\/p>\n","protected":false},"featured_media":6105,"comment_status":"closed","ping_status":"closed","template":"","meta":{"inline_featured_image":false},"product_brand":[],"product_cat":[15,27],"product_tag":[],"class_list":{"0":"post-6098","1":"product","2":"type-product","3":"status-publish","4":"has-post-thumbnail","6":"product_cat-uncategorized","7":"product_cat-home","9":"first","10":"instock","11":"sale","12":"taxable","13":"shipping-taxable","14":"purchasable","15":"product-type-simple"},"acf":[],"_links":{"self":[{"href":"https:\/\/non-stopshop.eu\/hr\/wp-json\/wp\/v2\/product\/6098","targetHints":{"allow":["GET"]}}],"collection":[{"href":"https:\/\/non-stopshop.eu\/hr\/wp-json\/wp\/v2\/product"}],"about":[{"href":"https:\/\/non-stopshop.eu\/hr\/wp-json\/wp\/v2\/types\/product"}],"replies":[{"embeddable":true,"href":"https:\/\/non-stopshop.eu\/hr\/wp-json\/wp\/v2\/comments?post=6098"}],"wp:featuredmedia":[{"embeddable":true,"href":"https:\/\/non-stopshop.eu\/hr\/wp-json\/wp\/v2\/media\/6105"}],"wp:attachment":[{"href":"https:\/\/non-stopshop.eu\/hr\/wp-json\/wp\/v2\/media?parent=6098"}],"wp:term":[{"taxonomy":"product_brand","embeddable":true,"href":"https:\/\/non-stopshop.eu\/hr\/wp-json\/wp\/v2\/product_brand?post=6098"},{"taxonomy":"product_cat","embeddable":true,"href":"https:\/\/non-stopshop.eu\/hr\/wp-json\/wp\/v2\/product_cat?post=6098"},{"taxonomy":"product_tag","embeddable":true,"href":"https:\/\/non-stopshop.eu\/hr\/wp-json\/wp\/v2\/product_tag?post=6098"}],"curies":[{"name":"wp","href":"https:\/\/api.w.org\/{rel}","templated":true}]}}