{"id":6373,"date":"2023-02-28T09:51:26","date_gmt":"2023-02-28T08:51:26","guid":{"rendered":"https:\/\/non-stopshop.eu\/hr\/?post_type=product&#038;p=6373"},"modified":"2023-05-05T15:19:18","modified_gmt":"2023-05-05T13:19:18","slug":"mobilni-hard-disk-16tb","status":"publish","type":"product","link":"https:\/\/non-stopshop.eu\/hr\/proizvod\/mobilni-hard-disk-16tb\/","title":{"rendered":"Mobilni Hard Disk 16TB"},"content":{"rendered":"","protected":false},"excerpt":{"rendered":"<p>Tip C mobilni vanjski SSD tvrdi disk idelano je rije\u0161enje za skladi\u0161tenje podataka. Vrhunski dizajn i ekolo\u0161ki prihvatljiv proizvod sa 16TB kapacitetom.<\/p>\n","protected":false},"featured_media":6386,"comment_status":"closed","ping_status":"closed","template":"","meta":{"inline_featured_image":false},"product_brand":[],"product_cat":[15,25,27],"product_tag":[],"class_list":{"0":"post-6373","1":"product","2":"type-product","3":"status-publish","4":"has-post-thumbnail","6":"product_cat-uncategorized","7":"product_cat-car","8":"product_cat-home","10":"first","11":"instock","12":"sale","13":"taxable","14":"shipping-taxable","15":"purchasable","16":"product-type-simple"},"acf":[],"_links":{"self":[{"href":"https:\/\/non-stopshop.eu\/hr\/wp-json\/wp\/v2\/product\/6373","targetHints":{"allow":["GET"]}}],"collection":[{"href":"https:\/\/non-stopshop.eu\/hr\/wp-json\/wp\/v2\/product"}],"about":[{"href":"https:\/\/non-stopshop.eu\/hr\/wp-json\/wp\/v2\/types\/product"}],"replies":[{"embeddable":true,"href":"https:\/\/non-stopshop.eu\/hr\/wp-json\/wp\/v2\/comments?post=6373"}],"wp:featuredmedia":[{"embeddable":true,"href":"https:\/\/non-stopshop.eu\/hr\/wp-json\/wp\/v2\/media\/6386"}],"wp:attachment":[{"href":"https:\/\/non-stopshop.eu\/hr\/wp-json\/wp\/v2\/media?parent=6373"}],"wp:term":[{"taxonomy":"product_brand","embeddable":true,"href":"https:\/\/non-stopshop.eu\/hr\/wp-json\/wp\/v2\/product_brand?post=6373"},{"taxonomy":"product_cat","embeddable":true,"href":"https:\/\/non-stopshop.eu\/hr\/wp-json\/wp\/v2\/product_cat?post=6373"},{"taxonomy":"product_tag","embeddable":true,"href":"https:\/\/non-stopshop.eu\/hr\/wp-json\/wp\/v2\/product_tag?post=6373"}],"curies":[{"name":"wp","href":"https:\/\/api.w.org\/{rel}","templated":true}]}}