{"id":6914,"date":"2023-06-29T09:41:36","date_gmt":"2023-06-29T07:41:36","guid":{"rendered":"https:\/\/non-stopshop.eu\/hr\/?post_type=product&#038;p=6914"},"modified":"2023-07-05T10:02:28","modified_gmt":"2023-07-05T08:02:28","slug":"sapun-za-potamnjivanje-sijedih-vlasi","status":"publish","type":"product","link":"https:\/\/non-stopshop.eu\/hr\/proizvod\/sapun-za-potamnjivanje-sijedih-vlasi\/","title":{"rendered":"Sapun za potamnjivanje sijedih vlasi"},"content":{"rendered":"","protected":false},"excerpt":{"rendered":"<p>Postupno se rije\u0161ite sijedih vlasi uz ovaj u\u010dinkoviti sapun. Jednostavno i lako &#8211; poput \u0161amponiranja!<\/p>\n","protected":false},"featured_media":6919,"comment_status":"closed","ping_status":"closed","template":"","meta":{"inline_featured_image":false},"product_brand":[],"product_cat":[15,28],"product_tag":[],"class_list":{"0":"post-6914","1":"product","2":"type-product","3":"status-publish","4":"has-post-thumbnail","6":"product_cat-uncategorized","7":"product_cat-beauty","9":"first","10":"instock","11":"sale","12":"taxable","13":"shipping-taxable","14":"purchasable","15":"product-type-simple"},"acf":[],"_links":{"self":[{"href":"https:\/\/non-stopshop.eu\/hr\/wp-json\/wp\/v2\/product\/6914","targetHints":{"allow":["GET"]}}],"collection":[{"href":"https:\/\/non-stopshop.eu\/hr\/wp-json\/wp\/v2\/product"}],"about":[{"href":"https:\/\/non-stopshop.eu\/hr\/wp-json\/wp\/v2\/types\/product"}],"replies":[{"embeddable":true,"href":"https:\/\/non-stopshop.eu\/hr\/wp-json\/wp\/v2\/comments?post=6914"}],"wp:featuredmedia":[{"embeddable":true,"href":"https:\/\/non-stopshop.eu\/hr\/wp-json\/wp\/v2\/media\/6919"}],"wp:attachment":[{"href":"https:\/\/non-stopshop.eu\/hr\/wp-json\/wp\/v2\/media?parent=6914"}],"wp:term":[{"taxonomy":"product_brand","embeddable":true,"href":"https:\/\/non-stopshop.eu\/hr\/wp-json\/wp\/v2\/product_brand?post=6914"},{"taxonomy":"product_cat","embeddable":true,"href":"https:\/\/non-stopshop.eu\/hr\/wp-json\/wp\/v2\/product_cat?post=6914"},{"taxonomy":"product_tag","embeddable":true,"href":"https:\/\/non-stopshop.eu\/hr\/wp-json\/wp\/v2\/product_tag?post=6914"}],"curies":[{"name":"wp","href":"https:\/\/api.w.org\/{rel}","templated":true}]}}