{"id":7349,"date":"2023-08-11T15:03:57","date_gmt":"2023-08-11T13:03:57","guid":{"rendered":"https:\/\/non-stopshop.eu\/hr\/?post_type=product&#038;p=7349"},"modified":"2023-11-10T10:24:55","modified_gmt":"2023-11-10T09:24:55","slug":"trenazer-za-struk","status":"publish","type":"product","link":"https:\/\/non-stopshop.eu\/hr\/proizvod\/trenazer-za-struk\/","title":{"rendered":"Trena\u017eer za struk"},"content":{"rendered":"","protected":false},"excerpt":{"rendered":"<p>Udobna i prozra\u010dna elasti\u010dna traka za stuk i le\u0111a vam pru\u017ea osje\u0107aj sigurnosti i lako\u0107e u kretanju. Smanjuje bol u le\u0111ima i br\u017ee sagorjevanje kalorije, a celulit nestaje \u010dak za 2-3 puta br\u017ee sa ovom trakom.<\/p>\n","protected":false},"featured_media":7357,"comment_status":"closed","ping_status":"closed","template":"","meta":{"inline_featured_image":false},"product_brand":[],"product_cat":[15,28,26],"product_tag":[],"class_list":{"0":"post-7349","1":"product","2":"type-product","3":"status-publish","4":"has-post-thumbnail","6":"product_cat-uncategorized","7":"product_cat-beauty","8":"product_cat-health","10":"first","11":"instock","12":"sale","13":"taxable","14":"shipping-taxable","15":"purchasable","16":"product-type-simple"},"acf":[],"_links":{"self":[{"href":"https:\/\/non-stopshop.eu\/hr\/wp-json\/wp\/v2\/product\/7349","targetHints":{"allow":["GET"]}}],"collection":[{"href":"https:\/\/non-stopshop.eu\/hr\/wp-json\/wp\/v2\/product"}],"about":[{"href":"https:\/\/non-stopshop.eu\/hr\/wp-json\/wp\/v2\/types\/product"}],"replies":[{"embeddable":true,"href":"https:\/\/non-stopshop.eu\/hr\/wp-json\/wp\/v2\/comments?post=7349"}],"wp:featuredmedia":[{"embeddable":true,"href":"https:\/\/non-stopshop.eu\/hr\/wp-json\/wp\/v2\/media\/7357"}],"wp:attachment":[{"href":"https:\/\/non-stopshop.eu\/hr\/wp-json\/wp\/v2\/media?parent=7349"}],"wp:term":[{"taxonomy":"product_brand","embeddable":true,"href":"https:\/\/non-stopshop.eu\/hr\/wp-json\/wp\/v2\/product_brand?post=7349"},{"taxonomy":"product_cat","embeddable":true,"href":"https:\/\/non-stopshop.eu\/hr\/wp-json\/wp\/v2\/product_cat?post=7349"},{"taxonomy":"product_tag","embeddable":true,"href":"https:\/\/non-stopshop.eu\/hr\/wp-json\/wp\/v2\/product_tag?post=7349"}],"curies":[{"name":"wp","href":"https:\/\/api.w.org\/{rel}","templated":true}]}}