{"id":8579,"date":"2023-11-07T09:39:54","date_gmt":"2023-11-07T08:39:54","guid":{"rendered":"https:\/\/non-stopshop.eu\/hr\/?post_type=product&#038;p=8579"},"modified":"2023-11-10T09:39:09","modified_gmt":"2023-11-10T08:39:09","slug":"vakumski-cistac-i-sterilizator","status":"publish","type":"product","link":"https:\/\/non-stopshop.eu\/hr\/proizvod\/vakumski-cistac-i-sterilizator\/","title":{"rendered":"Vakumski \u010dista\u010d i sterilizator"},"content":{"rendered":"","protected":false},"excerpt":{"rendered":"<p>UV sterilizator i \u010dista\u010d pra\u0161ine i grinja garantuje vam svje\u017ee i bezbjedno okru\u017eenje. Priu\u0161tite sebi optimalno \u010dist dom!<\/p>\n","protected":false},"featured_media":8589,"comment_status":"closed","ping_status":"closed","template":"","meta":{"inline_featured_image":false},"product_brand":[],"product_cat":[15,27],"product_tag":[],"class_list":{"0":"post-8579","1":"product","2":"type-product","3":"status-publish","4":"has-post-thumbnail","6":"product_cat-uncategorized","7":"product_cat-home","9":"first","10":"instock","11":"sale","12":"taxable","13":"shipping-taxable","14":"purchasable","15":"product-type-simple"},"acf":[],"_links":{"self":[{"href":"https:\/\/non-stopshop.eu\/hr\/wp-json\/wp\/v2\/product\/8579","targetHints":{"allow":["GET"]}}],"collection":[{"href":"https:\/\/non-stopshop.eu\/hr\/wp-json\/wp\/v2\/product"}],"about":[{"href":"https:\/\/non-stopshop.eu\/hr\/wp-json\/wp\/v2\/types\/product"}],"replies":[{"embeddable":true,"href":"https:\/\/non-stopshop.eu\/hr\/wp-json\/wp\/v2\/comments?post=8579"}],"wp:featuredmedia":[{"embeddable":true,"href":"https:\/\/non-stopshop.eu\/hr\/wp-json\/wp\/v2\/media\/8589"}],"wp:attachment":[{"href":"https:\/\/non-stopshop.eu\/hr\/wp-json\/wp\/v2\/media?parent=8579"}],"wp:term":[{"taxonomy":"product_brand","embeddable":true,"href":"https:\/\/non-stopshop.eu\/hr\/wp-json\/wp\/v2\/product_brand?post=8579"},{"taxonomy":"product_cat","embeddable":true,"href":"https:\/\/non-stopshop.eu\/hr\/wp-json\/wp\/v2\/product_cat?post=8579"},{"taxonomy":"product_tag","embeddable":true,"href":"https:\/\/non-stopshop.eu\/hr\/wp-json\/wp\/v2\/product_tag?post=8579"}],"curies":[{"name":"wp","href":"https:\/\/api.w.org\/{rel}","templated":true}]}}