{"id":8941,"date":"2023-12-05T08:52:04","date_gmt":"2023-12-05T07:52:04","guid":{"rendered":"https:\/\/non-stopshop.eu\/hr\/?post_type=product&#038;p=8941"},"modified":"2023-12-05T12:00:33","modified_gmt":"2023-12-05T11:00:33","slug":"multifunkcionalna-sprava-za-vjezbanje","status":"publish","type":"product","link":"https:\/\/non-stopshop.eu\/hr\/proizvod\/multifunkcionalna-sprava-za-vjezbanje\/","title":{"rendered":"Multifunkcionalna sprava za vje\u017ebanje"},"content":{"rendered":"","protected":false},"excerpt":{"rendered":"<p>Idealna sprava za ja\u010danje i zatezanje svih mi\u0161i\u0107a! Zategnite i u\u010dvrsite le\u0111a, ramena, ruke, prsa, tricepse i stomak uklju\u010duju\u0107i i fleksore kuka. Sa jednom spravom dovedite se u top formu!<\/p>\n","protected":false},"featured_media":8950,"comment_status":"closed","ping_status":"closed","template":"","meta":{"inline_featured_image":false},"product_brand":[],"product_cat":[15,28,26],"product_tag":[],"class_list":{"0":"post-8941","1":"product","2":"type-product","3":"status-publish","4":"has-post-thumbnail","6":"product_cat-uncategorized","7":"product_cat-beauty","8":"product_cat-health","10":"first","11":"instock","12":"sale","13":"taxable","14":"shipping-taxable","15":"purchasable","16":"product-type-simple"},"acf":[],"_links":{"self":[{"href":"https:\/\/non-stopshop.eu\/hr\/wp-json\/wp\/v2\/product\/8941","targetHints":{"allow":["GET"]}}],"collection":[{"href":"https:\/\/non-stopshop.eu\/hr\/wp-json\/wp\/v2\/product"}],"about":[{"href":"https:\/\/non-stopshop.eu\/hr\/wp-json\/wp\/v2\/types\/product"}],"replies":[{"embeddable":true,"href":"https:\/\/non-stopshop.eu\/hr\/wp-json\/wp\/v2\/comments?post=8941"}],"wp:featuredmedia":[{"embeddable":true,"href":"https:\/\/non-stopshop.eu\/hr\/wp-json\/wp\/v2\/media\/8950"}],"wp:attachment":[{"href":"https:\/\/non-stopshop.eu\/hr\/wp-json\/wp\/v2\/media?parent=8941"}],"wp:term":[{"taxonomy":"product_brand","embeddable":true,"href":"https:\/\/non-stopshop.eu\/hr\/wp-json\/wp\/v2\/product_brand?post=8941"},{"taxonomy":"product_cat","embeddable":true,"href":"https:\/\/non-stopshop.eu\/hr\/wp-json\/wp\/v2\/product_cat?post=8941"},{"taxonomy":"product_tag","embeddable":true,"href":"https:\/\/non-stopshop.eu\/hr\/wp-json\/wp\/v2\/product_tag?post=8941"}],"curies":[{"name":"wp","href":"https:\/\/api.w.org\/{rel}","templated":true}]}}