{"id":8967,"date":"2023-12-07T12:05:57","date_gmt":"2023-12-07T11:05:57","guid":{"rendered":"https:\/\/non-stopshop.eu\/hr\/?post_type=product&#038;p=8967"},"modified":"2023-12-07T13:45:32","modified_gmt":"2023-12-07T12:45:32","slug":"nano-sprej-protiv-ogrebotina-nanocoatingagent","status":"publish","type":"product","link":"https:\/\/non-stopshop.eu\/hr\/proizvod\/nano-sprej-protiv-ogrebotina-nanocoatingagent\/","title":{"rendered":"Nano sprej protiv ogrebotina &#8211; NanoCoatingAgent"},"content":{"rendered":"","protected":false},"excerpt":{"rendered":"<p>Univerzalni i u\u010dinkoviti hidrofobni premaz za uklanjanje ogrebotina na va\u0161em automobilu omogu\u0107i\u0107e vam apsolutno prakti\u010dno i jednostavno uklanjanje bez odlaska autolakireru ili autolimaru uz maksimalan efekat sjaja i postojanosti.<\/p>\n","protected":false},"featured_media":8974,"comment_status":"closed","ping_status":"closed","template":"","meta":{"inline_featured_image":false},"product_brand":[],"product_cat":[15,25],"product_tag":[],"class_list":{"0":"post-8967","1":"product","2":"type-product","3":"status-publish","4":"has-post-thumbnail","6":"product_cat-uncategorized","7":"product_cat-car","9":"first","10":"instock","11":"sale","12":"taxable","13":"shipping-taxable","14":"purchasable","15":"product-type-simple"},"acf":[],"_links":{"self":[{"href":"https:\/\/non-stopshop.eu\/hr\/wp-json\/wp\/v2\/product\/8967","targetHints":{"allow":["GET"]}}],"collection":[{"href":"https:\/\/non-stopshop.eu\/hr\/wp-json\/wp\/v2\/product"}],"about":[{"href":"https:\/\/non-stopshop.eu\/hr\/wp-json\/wp\/v2\/types\/product"}],"replies":[{"embeddable":true,"href":"https:\/\/non-stopshop.eu\/hr\/wp-json\/wp\/v2\/comments?post=8967"}],"wp:featuredmedia":[{"embeddable":true,"href":"https:\/\/non-stopshop.eu\/hr\/wp-json\/wp\/v2\/media\/8974"}],"wp:attachment":[{"href":"https:\/\/non-stopshop.eu\/hr\/wp-json\/wp\/v2\/media?parent=8967"}],"wp:term":[{"taxonomy":"product_brand","embeddable":true,"href":"https:\/\/non-stopshop.eu\/hr\/wp-json\/wp\/v2\/product_brand?post=8967"},{"taxonomy":"product_cat","embeddable":true,"href":"https:\/\/non-stopshop.eu\/hr\/wp-json\/wp\/v2\/product_cat?post=8967"},{"taxonomy":"product_tag","embeddable":true,"href":"https:\/\/non-stopshop.eu\/hr\/wp-json\/wp\/v2\/product_tag?post=8967"}],"curies":[{"name":"wp","href":"https:\/\/api.w.org\/{rel}","templated":true}]}}